{"id":602,"date":"2015-09-03T15:22:40","date_gmt":"2015-09-03T14:22:40","guid":{"rendered":"https:\/\/www.espacemultimediagantner.cg90.net\/?page_id=602"},"modified":"2024-06-15T10:32:33","modified_gmt":"2024-06-15T09:32:33","slug":"services-en-ligne","status":"publish","type":"page","link":"https:\/\/www.espacemultimediagantner.cg90.net\/fr\/services-en-ligne\/","title":{"rendered":"Services en ligne"},"content":{"rendered":"<div class=\"vce-row-container\" data-vce-boxed-width=\"true\"><div class=\"vce-row vce-row--col-gap-30 vce-row-equal-height vce-row-content--top\" id=\"el-17ced1fa\" data-vce-do-apply=\"all el-17ced1fa\"><div class=\"vce-row-content\" data-vce-element-content=\"true\"><div class=\"vce-col vce-col--md-auto vce-col--xs-1 vce-col--xs-last vce-col--xs-first vce-col--sm-last vce-col--sm-first vce-col--md-first vce-col--lg-first vce-col--xl-first\" id=\"el-78510eb4\"><div class=\"vce-col-inner\" data-vce-do-apply=\"border margin background  el-78510eb4\"><div class=\"vce-col-content\" data-vce-element-content=\"true\" data-vce-do-apply=\"padding el-78510eb4\"><div class=\"vce-text-block\"><div class=\"vce-text-block-wrapper vce\" id=\"el-810cc61f\" data-vce-do-apply=\"all el-810cc61f\"><p><div class=\"single_image wpb_content_element align-left \" data-animation=\"\" data-delay=\"0\"><a href=\"https:\/\/www.storyplayr.com\/mediatheque\/member-signup?mediathequeid=d7b5d53c-16c4-4178-a52b-7404d5c2e1d9&#038;mediathequename=Territoire%20de%20Belfort\" target=\"_blank\"><img src=\"https:\/\/www.espacemultimediagantner.cg90.net\/wp-content\/uploads\/2015\/09\/sotyplayr.jpg\" alt=\"\" \/><\/a><span class=\"single_image-caption\">visuel StoryPlayr<\/span><\/div><\/p>\n<p><h2 class=\"headline font-inherit fontsize-l fontweight-400 lh-inherit align-center transform-inherit \" style=\"margin: 20px 0 20px 0;\">Storyplayr<\/h2><\/p>\n<p>&nbsp;<\/p>\n<p><div class=\"single_image wpb_content_element align-left \" data-animation=\"\" data-delay=\"0\"><img src=\"https:\/\/www.espacemultimediagantner.cg90.net\/wp-content\/uploads\/2015\/09\/kiosk2.jpg\" alt=\"\" \/><span class=\"single_image-caption\">cafeyn<\/span><\/div><h2 class=\"headline font-inherit fontsize-l fontweight-400 lh-inherit align-center transform-inherit \" style=\"margin: 20px 0 20px 0;\">CAFEYN<\/h2><\/p>\n<p>Pour consulter de nombreux magazines en ligne (actualit\u00e9, cuisine, loisirs, internationaux, sport, nouvelles technologies\u2026)<br><strong>Pour s\u2019inscrire<\/strong>, contactez votre biblioth\u00e8que pour obtenir un identifiant et un mot de passe.<\/p>\n<p><div class=\"single_image wpb_content_element align-left \" data-animation=\"\" data-delay=\"0\"><a href=\"http:\/\/www.mediatheque-numerique.com\/\" target=\"_blank\"><img src=\"https:\/\/www.espacemultimediagantner.cg90.net\/wp-content\/uploads\/2015\/09\/mediathequeNum2.jpg\" alt=\"\" \/><\/a><span class=\"single_image-caption\">La m\u00e9diath\u00e8que num\u00e9rique<\/span><\/div><h2 class=\"headline font-inherit fontsize-l fontweight-400 lh-inherit align-center transform-inherit \" style=\"margin: 20px 0 20px 0;\">La m\u00e9diath\u00e8que num\u00e9rique<\/h2><\/p>\n<p>Ce service met \u00e0 disposition de nombreux films, class\u00e9s par cat\u00e9gories sous 4 grands th\u00e8mes \u00ab documentaire, jeunesse, spectacles et cin\u00e9ma \u00bb. Un catalogue et un moteur de recherche permettent d\u2019affiner la recherche par titre, r\u00e9alisateur, genre, acteur, ann\u00e9e\u2026<br><strong>Pour s\u2019inscrire&nbsp;:<\/strong>&nbsp;remplir le formulaire en ligne en indiquant le nom de la biblioth\u00e8que dans laquelle vous \u00eates abonn\u00e9. Celle-ci validera votre inscription et vous acc\u00e9derez ensuite au service en ligne.<\/p>\n<p><strong><a href=\"http:\/\/www.mediatheque-numerique.com\/\" target=\"_blank\" rel=\"noopener\">www.mediatheque-numerique.com<\/a><\/strong><\/p>\n<p><div class=\"single_image wpb_content_element align-left \" data-animation=\"\" data-delay=\"0\"><a href=\"http:\/\/biblio.toutapprendre.com\/inscrire\/?e=128\" target=\"_blank\"><img src=\"https:\/\/www.espacemultimediagantner.cg90.net\/wp-content\/uploads\/2015\/09\/toutApprendre2.jpg\" alt=\"\" \/><\/a><span class=\"single_image-caption\">visuel tout apprendre<\/span><\/div><h2 class=\"headline font-inherit fontsize-l fontweight-400 lh-inherit align-center transform-inherit \" style=\"margin: 20px 0 20px 0;\">Tout apprendre<\/h2><\/p>\n<p>Sur ce portail en ligne vous trouverez des cours, des tests de langues, des modules de soutien scolaire du CP \u00e0 la terminale, des cours de musique mais aussi de psychologie, gestion du stress, code de la route, de management, de pr\u00e9paration \u00e0 un entretien\u2026.<br><strong>Pour s\u2019inscrire&nbsp;:<\/strong>&nbsp;remplir le formulaire en ligne en indiquant le nom de la biblioth\u00e8que dans laquelle vous \u00eates abonn\u00e9. Celle-ci validera votre inscription et vous acc\u00e9derez ensuite au service en ligne.<\/p>\n<p><b><a href=\"http:\/\/biblio.toutapprendre.com\/inscrire\/?e=128\" target=\"_blank\" rel=\"noopener\">www.toutapprendre.com<\/a><\/b><\/p><\/div><\/div><\/div><\/div><\/div><div class=\"vce-col vce-col--md-auto vce-col--xs-1 vce-col--xs-last vce-col--xs-first vce-col--sm-last vce-col--sm-first vce-col--md-last vce-col--lg-last vce-col--xl-last\" id=\"el-c130ec25\"><div class=\"vce-col-inner\" data-vce-do-apply=\"border margin background  el-c130ec25\"><div class=\"vce-col-content\" data-vce-element-content=\"true\" data-vce-do-apply=\"padding el-c130ec25\"><div class=\"vce-text-block\"><div class=\"vce-text-block-wrapper vce\" id=\"el-dc2afc30\" data-vce-do-apply=\"all el-dc2afc30\"><p>Storyplayr est une biblioth\u00e8que num\u00e9rique d\u00e9di\u00e9e aux albums jeunesse.<\/p><p>Elle compte 350 albums, issus des catalogues d'une trentaine d'\u00e9diteurs partenaires, pour les enfants de 3 \u00e0 10 ans. Elle est accessible en streaming au format HTML5 sur PC, Mac, tablettes, smartphones et Ipad.<\/p><p>L' acc\u00e8s sur place (dans les biblioth\u00e8ques du r\u00e9seau) vous permet d'enregistrer vos textes et de les partager, cette m\u00eame fonction offre aux biblioth\u00e9caires des opportunit\u00e9s originales et ludiques pour conduire leurs animations.<\/p><p>Inscrivez-vous ici : <strong><a href=\"https:\/\/www.storyplayr.com\/mediatheque\/member-signup?mediathequeid=d7b5d53c-16c4-4178-a52b-7404d5c2e1d9&amp;mediathequename=Territoire%20de%20Belfort\">Storyplayr<\/a><\/strong><\/p><\/div><\/div><\/div><\/div><\/div><\/div><\/div><\/div><div class=\"vce-row-container\" data-vce-boxed-width=\"true\"><div class=\"vce-row vce-row--col-gap-30 vce-row-equal-height vce-row-content--top\" id=\"el-066b3639\" data-vce-do-apply=\"all el-066b3639\"><div class=\"vce-row-content\" data-vce-element-content=\"true\"><div class=\"vce-col vce-col--md-auto vce-col--xs-1 vce-col--xs-last vce-col--xs-first vce-col--sm-last vce-col--sm-first vce-col--md-first vce-col--lg-first vce-col--xl-first\" id=\"el-a7256b6b\"><div class=\"vce-col-inner\" data-vce-do-apply=\"border margin background  el-a7256b6b\"><div class=\"vce-col-content\" data-vce-element-content=\"true\" data-vce-do-apply=\"padding el-a7256b6b\"><div class=\"vcv-row-control-wrapper\"><\/div><\/div><\/div><\/div><div class=\"vce-col vce-col--md-auto vce-col--xs-1 vce-col--xs-last vce-col--xs-first vce-col--sm-last vce-col--sm-first vce-col--md-last vce-col--lg-last vce-col--xl-last\" id=\"el-58b2ab8e\"><div class=\"vce-col-inner\" data-vce-do-apply=\"border margin background  el-58b2ab8e\"><div class=\"vce-col-content\" data-vce-element-content=\"true\" data-vce-do-apply=\"padding el-58b2ab8e\"><div class=\"vcv-row-control-wrapper\"><\/div><\/div><\/div><\/div><\/div><\/div><\/div><div class=\"vce-row-container\" data-vce-boxed-width=\"true\"><div class=\"vce-row vce-row--col-gap-30 vce-row-equal-height vce-row-content--top\" id=\"el-f3c09c17\" data-vce-do-apply=\"all el-f3c09c17\"><div class=\"vce-row-content\" data-vce-element-content=\"true\"><div class=\"vce-col vce-col--md-auto vce-col--xs-1 vce-col--xs-last vce-col--xs-first vce-col--sm-last vce-col--sm-first vce-col--md-first vce-col--lg-first vce-col--xl-first\" id=\"el-2b975519\"><div class=\"vce-col-inner\" data-vce-do-apply=\"border margin background  el-2b975519\"><div class=\"vce-col-content\" data-vce-element-content=\"true\" data-vce-do-apply=\"padding el-2b975519\"><div class=\"vcv-row-control-wrapper\"><\/div><\/div><\/div><\/div><div class=\"vce-col vce-col--md-auto vce-col--xs-1 vce-col--xs-last vce-col--xs-first vce-col--sm-last vce-col--sm-first vce-col--md-last vce-col--lg-last vce-col--xl-last\" id=\"el-fc9298ce\"><div class=\"vce-col-inner\" data-vce-do-apply=\"border margin background  el-fc9298ce\"><div class=\"vce-col-content\" data-vce-element-content=\"true\" data-vce-do-apply=\"padding el-fc9298ce\"><div class=\"vcv-row-control-wrapper\"><\/div><\/div><\/div><\/div><\/div><\/div><\/div><div class=\"vce-row-container\" data-vce-boxed-width=\"true\"><div class=\"vce-row vce-row--col-gap-30 vce-row-equal-height vce-row-content--top\" id=\"el-afe2e6ed\" data-vce-do-apply=\"all el-afe2e6ed\"><div class=\"vce-row-content\" data-vce-element-content=\"true\"><div class=\"vce-col vce-col--md-auto vce-col--xs-1 vce-col--xs-last vce-col--xs-first vce-col--sm-last vce-col--sm-first vce-col--md-first vce-col--lg-first vce-col--xl-first\" id=\"el-a4299f7a\"><div class=\"vce-col-inner\" data-vce-do-apply=\"border margin background  el-a4299f7a\"><div class=\"vce-col-content\" data-vce-element-content=\"true\" data-vce-do-apply=\"padding el-a4299f7a\"><div class=\"vcv-row-control-wrapper\"><\/div><\/div><\/div><\/div><div class=\"vce-col vce-col--md-auto vce-col--xs-1 vce-col--xs-last vce-col--xs-first vce-col--sm-last vce-col--sm-first vce-col--md-last vce-col--lg-last vce-col--xl-last\" id=\"el-76661573\"><div class=\"vce-col-inner\" data-vce-do-apply=\"border margin background  el-76661573\"><div class=\"vce-col-content\" data-vce-element-content=\"true\" data-vce-do-apply=\"padding el-76661573\"><div class=\"vcv-row-control-wrapper\"><\/div><\/div><\/div><\/div><\/div><\/div><\/div><div class=\"vce-row-container\" data-vce-boxed-width=\"true\"><div class=\"vce-row vce-row--col-gap-30 vce-row-equal-height vce-row-content--top\" id=\"el-b1a2beec\" data-vce-do-apply=\"all el-b1a2beec\"><div class=\"vce-row-content\" data-vce-element-content=\"true\"><div class=\"vce-col vce-col--md-auto vce-col--xs-1 vce-col--xs-last vce-col--xs-first vce-col--sm-last vce-col--sm-first vce-col--md-first vce-col--lg-first vce-col--xl-first\" id=\"el-cd4bc0d4\"><div class=\"vce-col-inner\" data-vce-do-apply=\"border margin background  el-cd4bc0d4\"><div class=\"vce-col-content\" data-vce-element-content=\"true\" data-vce-do-apply=\"padding el-cd4bc0d4\"><div class=\"vcv-row-control-wrapper\"><\/div><\/div><\/div><\/div><div class=\"vce-col vce-col--md-auto vce-col--xs-1 vce-col--xs-last vce-col--xs-first vce-col--sm-last vce-col--sm-first vce-col--md-last vce-col--lg-last vce-col--xl-last\" id=\"el-a656dd73\"><div class=\"vce-col-inner\" data-vce-do-apply=\"border margin background  el-a656dd73\"><div class=\"vce-col-content\" data-vce-element-content=\"true\" data-vce-do-apply=\"padding el-a656dd73\"><div class=\"vcv-row-control-wrapper\"><\/div><\/div><\/div><\/div><\/div><\/div><\/div>","protected":false},"excerpt":{"rendered":"&nbsp; Pour consulter de nombreux magazines en ligne (actualit\u00e9, cuisine, loisirs, internationaux, sport, nouvelles technologies\u2026)Pour s\u2019inscrire, contactez votre biblioth\u00e8que pour obtenir un identifiant et un mot de passe. Ce service met \u00e0 disposition de nombreux films, class\u00e9s par cat\u00e9gories sous 4 grands th\u00e8mes \u00ab documentaire, jeunesse, spectacles et cin\u00e9ma \u00bb. Un catalogue et un moteur&#8230;<br><span class=\"morePlus\">+<\/span>","protected":false},"author":5,"featured_media":0,"parent":0,"menu_order":0,"comment_status":"closed","ping_status":"closed","template":"page-brique.php","meta":{"footnotes":""},"class_list":["post-602","page","type-page","status-publish","hentry"],"_links":{"self":[{"href":"https:\/\/www.espacemultimediagantner.cg90.net\/fr\/wp-json\/wp\/v2\/pages\/602","targetHints":{"allow":["GET"]}}],"collection":[{"href":"https:\/\/www.espacemultimediagantner.cg90.net\/fr\/wp-json\/wp\/v2\/pages"}],"about":[{"href":"https:\/\/www.espacemultimediagantner.cg90.net\/fr\/wp-json\/wp\/v2\/types\/page"}],"author":[{"embeddable":true,"href":"https:\/\/www.espacemultimediagantner.cg90.net\/fr\/wp-json\/wp\/v2\/users\/5"}],"replies":[{"embeddable":true,"href":"https:\/\/www.espacemultimediagantner.cg90.net\/fr\/wp-json\/wp\/v2\/comments?post=602"}],"version-history":[{"count":35,"href":"https:\/\/www.espacemultimediagantner.cg90.net\/fr\/wp-json\/wp\/v2\/pages\/602\/revisions"}],"predecessor-version":[{"id":7772,"href":"https:\/\/www.espacemultimediagantner.cg90.net\/fr\/wp-json\/wp\/v2\/pages\/602\/revisions\/7772"}],"wp:attachment":[{"href":"https:\/\/www.espacemultimediagantner.cg90.net\/fr\/wp-json\/wp\/v2\/media?parent=602"}],"curies":[{"name":"wp","href":"https:\/\/api.w.org\/{rel}","templated":true}]}}