{"id":592,"date":"2015-08-31T15:27:53","date_gmt":"2015-08-31T14:27:53","guid":{"rendered":"https:\/\/www.espacemultimediagantner.cg90.net\/?page_id=592"},"modified":"2023-08-31T09:18:47","modified_gmt":"2023-08-31T08:18:47","slug":"mediatheque","status":"publish","type":"page","link":"https:\/\/www.espacemultimediagantner.cg90.net\/fr\/mediatheque\/","title":{"rendered":"M\u00e9diath\u00e8que"},"content":{"rendered":"\r\n<div class=\"vce-row-container\" data-vce-boxed-width=\"true\">\r\n<div id=\"el-ae5015a9\" class=\"vce-row vce-row--col-gap-30 vce-row-equal-height vce-row-content--top\" data-vce-do-apply=\"all el-ae5015a9\">\r\n<div class=\"vce-row-content\" data-vce-element-content=\"true\">\r\n<div id=\"el-3f8e87f9\" class=\"vce-col vce-col--md-auto vce-col--xs-1 vce-col--xs-last vce-col--xs-first vce-col--sm-last vce-col--sm-first vce-col--md-last vce-col--lg-last vce-col--xl-last vce-col--md-first vce-col--lg-first vce-col--xl-first\">\r\n<div class=\"vce-col-inner\" data-vce-do-apply=\"border margin background  el-3f8e87f9\">\r\n<div class=\"vce-col-content\" data-vce-element-content=\"true\" data-vce-do-apply=\"padding el-3f8e87f9\">\r\n<div class=\"vce-shortcode\">\r\n<div id=\"el-7f7ceb63\" class=\"vce-shortcode-wrapper vce\" data-vce-do-apply=\"all el-7f7ceb63\"><\/div>\r\n<\/div>\r\n\r\n<div class=\"vce-text-block\">\r\n<div id=\"el-a736010c\" class=\"vce-text-block-wrapper vce\" data-vce-do-apply=\"all el-a736010c\">\r\n<p><h3 class=\"headline font-inherit fontsize-xl fontweight-400 lh-inherit align-center transform-inherit \" style=\"margin: 0 0 0px 0;\">La m\u00e9diath\u00e8que de<\/h3><h2 class=\"headline font-inherit fontsize-xl fontweight-400 lh-inherit align-center transform-inherit \" style=\"margin: 0 0 0px 0; color: #e4366b;\">l'Espace multim\u00e9dia gantner<\/h2><br \/><div class=\"hachureSeparation\" style='margin:0 !important;'> <\/div><br \/><h4 class=\"headline font-inherit fontsize-l fontweight-500 lh-inherit align-center transform-inherit \" style=\"margin: 0 0 20px 0; color: #e4366b;\">Antenne de la m\u00e9diath\u00e8que d\u00e9partementale du Territoire de Belfort, la m\u00e9diath\u00e8que de l'Espace multim\u00e9dia gantner est le p\u00f4le multim\u00e9dia du r\u00e9seau d\u00e9partemental <\/h4><span class=\"Apple-style-span\">33 biblioth\u00e8ques qui peuvent y venir et se former sur l'\u00e9volution du m\u00e9tier lors de journ\u00e9es d'\u00e9tudes th\u00e9matiques par exemple.<\/span><\/p>\r\n<p>Depuis Novembre 2006, l'Espace multim\u00e9dia gantner a ouvert au pr\u00eat son fonds documentaire sp\u00e9cifiquement d\u00e9di\u00e9 \u00e0 l'art et aux Nouvelles Technologies. Ce fonds propose plus de <strong>10.000\u00a0<\/strong>r\u00e9f\u00e9rences class\u00e9es selon trois axes d'orientation : Art, Soci\u00e9t\u00e9 et Multim\u00e9dia.<\/p>\r\n<div id=\"articleBLeu\">\u00a0<\/div>\r\n<div>\r\n<p><strong>Dans la section Art<\/strong>, on trouvera un large choix de cd audio, c\u00e9d\u00e9roms et monographies d'artistes ainsi que des \u00e9crits critiques et th\u00e9oriques sur les arts plastiques, le son, l'image et l'art num\u00e9rique.<\/p>\r\n<p><strong>Le volet Soci\u00e9t\u00e9<\/strong> r\u00e9unit des ouvrages classiques en sciences humaines et des documents ayant trait \u00e0 \u00e0 l'histoire des sciences et des nouvelles technologies. Ce secteur r\u00e9unit la plupart des penseurs critiques du lib\u00e9ralisme et de la mondialisation (Haraway, Butler, Jameson, Ranci\u00e8re, Badiou, Balibar, Negri, Agamben, Zizek).<\/p>\r\n<p>Quant \u00e0 <strong>l'axe Multim\u00e9dia<\/strong>, il propose un large panel d'ouvrages techniques et de c\u00e9d\u00e9roms en lien avec la th\u00e9matique du fonds.<\/p>\r\n<p>\"<em>Un po\u00e8te connu, compris, class\u00e9 catalogu\u00e9, qui g\u00eet imprim\u00e9 aux rayons de cette st\u00e9rile biblioth\u00e8que de l'Ecole Normale et qui ne serait point quelque part, qui ne serait point couv\u00e9 dans quelque coeur, est un po\u00e8te mort<\/em>.\" disait P\u00e9guy : l'\u00e9quipe de la m\u00e9diath\u00e8que est sensible \u00e0 ce mot et s'attache \u00e0 rendre ce lieu vivant, incarn\u00e9 et sans cesse en contact \/ en r\u00e9sonance avec les artistes et le public (lecteur, auditeur, internaute, visiteur...).<\/p>\r\n<\/div>\r\n<p><div class=\"divider\" style='margin:20px 0 20px 0 !important;'> <\/div><h3 class=\"headline font-inherit fontsize-m fontweight-300 lh-inherit align-center transform-inherit \" style=\"margin: 0 0 20px 0;\">conditions de pr\u00eat<\/h3>En vous acquittant du droit d'inscription de 30 euros - somme qui vous est revers\u00e9e quand vous d\u00e9cidez d'arr\u00eater l'abonnement - vous pouvez emprunter pour une dur\u00e9e de quatre semaines, 7 documents de votre choix. T\u00e9l\u00e9chargez le guide du lecteur, le <a href=\"https:\/\/www.espacemultimediagantner.cg90.net\/wp-content\/uploads\/2015\/08\/2012-formulaire-biblioth--que.pdf\"><strong>formulaire d'inscription<\/strong><\/a> et le <strong><a href=\"https:\/\/www.espacemultimediagantner.cg90.net\/wp-content\/uploads\/2015\/08\/2013_09-r--glement-int--rieur-EMG.pdf\">r\u00e9glement int\u00e9rieur<\/a><\/strong>.<\/p>\r\n<\/div>\r\n<\/div>\r\n<\/div>\r\n<\/div>\r\n<\/div>\r\n<\/div>\r\n<\/div>\r\n<\/div>\r\n\r\n<div class=\"vce-row-container\" data-vce-boxed-width=\"true\">\r\n<div id=\"el-7ab91c64\" class=\"vce-row vce-row--col-gap-30 vce-row-equal-height vce-row-content--top\" data-vce-do-apply=\"all el-7ab91c64\">\r\n<div class=\"vce-row-content\" data-vce-element-content=\"true\">\r\n<div id=\"el-723e789c\" class=\"vce-col vce-col--md-auto vce-col--xs-1 vce-col--xs-last vce-col--xs-first vce-col--sm-last vce-col--sm-first vce-col--md-last vce-col--lg-last vce-col--xl-last vce-col--md-first vce-col--lg-first vce-col--xl-first\">\r\n<div class=\"vce-col-inner\" data-vce-do-apply=\"border margin background  el-723e789c\">\r\n<div class=\"vce-col-content\" data-vce-element-content=\"true\" data-vce-do-apply=\"padding el-723e789c\">\r\n\r\n\r\n<div>\u00a0<\/div>\r\n<\/div>\r\n<\/div>\r\n<\/div>\r\n<\/div>\r\n<\/div>\r\n<\/div>\r\n","protected":false},"excerpt":{"rendered":"33 biblioth\u00e8ques qui peuvent y venir et se former sur l&rsquo;\u00e9volution du m\u00e9tier lors de journ\u00e9es d&rsquo;\u00e9tudes th\u00e9matiques par exemple. Depuis Novembre 2006, l&rsquo;Espace multim\u00e9dia gantner a ouvert au pr\u00eat son fonds documentaire sp\u00e9cifiquement d\u00e9di\u00e9 \u00e0 l&rsquo;art et aux Nouvelles Technologies. Ce fonds propose plus de 10.000\u00a0r\u00e9f\u00e9rences class\u00e9es selon trois axes d&rsquo;orientation : Art, Soci\u00e9t\u00e9&#8230;<br><span class=\"morePlus\">+<\/span>","protected":false},"author":5,"featured_media":0,"parent":0,"menu_order":0,"comment_status":"closed","ping_status":"closed","template":"page-rose.php","meta":{"footnotes":""},"class_list":["post-592","page","type-page","status-publish","hentry"],"_links":{"self":[{"href":"https:\/\/www.espacemultimediagantner.cg90.net\/fr\/wp-json\/wp\/v2\/pages\/592","targetHints":{"allow":["GET"]}}],"collection":[{"href":"https:\/\/www.espacemultimediagantner.cg90.net\/fr\/wp-json\/wp\/v2\/pages"}],"about":[{"href":"https:\/\/www.espacemultimediagantner.cg90.net\/fr\/wp-json\/wp\/v2\/types\/page"}],"author":[{"embeddable":true,"href":"https:\/\/www.espacemultimediagantner.cg90.net\/fr\/wp-json\/wp\/v2\/users\/5"}],"replies":[{"embeddable":true,"href":"https:\/\/www.espacemultimediagantner.cg90.net\/fr\/wp-json\/wp\/v2\/comments?post=592"}],"version-history":[{"count":20,"href":"https:\/\/www.espacemultimediagantner.cg90.net\/fr\/wp-json\/wp\/v2\/pages\/592\/revisions"}],"predecessor-version":[{"id":7282,"href":"https:\/\/www.espacemultimediagantner.cg90.net\/fr\/wp-json\/wp\/v2\/pages\/592\/revisions\/7282"}],"wp:attachment":[{"href":"https:\/\/www.espacemultimediagantner.cg90.net\/fr\/wp-json\/wp\/v2\/media?parent=592"}],"curies":[{"name":"wp","href":"https:\/\/api.w.org\/{rel}","templated":true}]}}