{"id":565,"date":"2015-08-24T16:01:33","date_gmt":"2015-08-24T15:01:33","guid":{"rendered":"https:\/\/www.espacemultimediagantner.cg90.net\/?page_id=565"},"modified":"2026-02-25T15:29:30","modified_gmt":"2026-02-25T14:29:30","slug":"contacts","status":"publish","type":"page","link":"https:\/\/www.espacemultimediagantner.cg90.net\/fr\/contacts\/","title":{"rendered":"Contacts"},"content":{"rendered":"\r\n<div class=\"vce-row-container\" data-vce-boxed-width=\"true\">\r\n<div id=\"el-3c862820\" class=\"vce-row vce-row--col-gap-30 vce-row-equal-height vce-row-content--top\" data-vce-do-apply=\"all el-3c862820\">\r\n<div class=\"vce-row-content\" data-vce-element-content=\"true\">\r\n\r\n\r\n<div id=\"el-811f15f3\" class=\"vce-col vce-col--md-auto vce-col--xs-1 vce-col--xs-last vce-col--xs-first vce-col--sm-last vce-col--sm-first vce-col--md-last vce-col--lg-last vce-col--xl-last vce-col--md-first vce-col--lg-first vce-col--xl-first\">\r\n<div class=\"vce-col-inner\" data-vce-do-apply=\"border margin background el-811f15f3\">\r\n<div class=\"vce-col-content\" data-vce-element-content=\"true\" data-vce-do-apply=\"padding el-811f15f3\">\r\n\r\n\r\n<div class=\"vce-text-block\">\r\n<div id=\"el-fa448f90\" class=\"vce-text-block-wrapper vce\" data-vce-do-apply=\"all el-fa448f90\">\r\n<table style=\"height: 278px;\" border=\"0\" width=\"783\" cellspacing=\"0\" cellpadding=\"10\">\r\n<tbody>\r\n<tr>\r\n<td class=\"orange\" style=\"text-align: right;\" valign=\"top\">\r\n<p style=\"text-align: left;\">T\u00e9l<\/p>\r\n<\/td>\r\n<td style=\"padding-left: 10px; text-align: right;\" valign=\"top\">+33 (0)3 84 23 59 72<\/td>\r\n<\/tr>\r\n<tr>\r\n<td class=\"orange\" style=\"text-align: left;\" valign=\"top\">Email<\/td>\r\n<td class=\"\" style=\"padding-left: 10px; text-align: right;\" valign=\"top\"><a href=\"mailto:lespace@territoiredebelfort.fr\" data-bcup-haslogintext=\"no\">lespace@territoiredebelfort.fr<\/a><\/td>\r\n<\/tr>\r\n<tr>\r\n<td class=\"orange\" style=\"text-align: left;\" valign=\"top\">Direction<\/td>\r\n<td class=\"\" style=\"padding-left: 10px; text-align: right;\" valign=\"top\">poste vacant<\/td>\r\n<\/tr>\r\n<tr>\r\n<td class=\"orange\" style=\"text-align: left;\" valign=\"top\">Administration<\/td>\r\n<td class=\"\" style=\"padding-left: 10px; text-align: right;\" valign=\"top\"><a href=\"mailto:marie-pierre.henon@territoiredebelfort.fr\" data-bcup-haslogintext=\"no\">marie-pierre.henon@territoiredebelfort.fr<\/a><\/td>\r\n<\/tr>\r\n<tr>\r\n<td class=\"orange\" style=\"text-align: left;\" valign=\"top\">Charg\u00e9e des publics, m\u00e9diation et la collection<\/td>\r\n<td class=\"\" style=\"padding-left: 10px; text-align: right;\" valign=\"top\">poste vacant<\/td>\r\n<\/tr>\r\n<tr>\r\n<td class=\"orange\" style=\"text-align: left;\" valign=\"top\">Concepteur multim\u00e9dia, r\u00e9f\u00e9rent technique<\/td>\r\n<td class=\"\" style=\"padding-left: 10px; text-align: right;\" valign=\"top\"><a href=\"mailto:vincent.marguet@territoiredebelfort.fr\" data-bcup-haslogintext=\"no\">vincent.marguet@territoiredebelfort.fr<\/a><\/td>\r\n<\/tr>\r\n<tr>\r\n<td class=\"orange\" style=\"text-align: left;\" valign=\"top\">Charg\u00e9 d'accueil multim\u00e9dia<\/td>\r\n<td class=\"\" style=\"padding-left: 10px; text-align: right;\" valign=\"top\"><a href=\"mailto:joel.mbajoumbe@territoiredebelfort.fr\" data-bcup-haslogintext=\"no\">joel.mbajoumbe@territoiredebelfort.fr<\/a><\/td>\r\n<\/tr>\r\n<tr>\r\n<td class=\"orange\" style=\"text-align: left;\" valign=\"top\">Charg\u00e9 de la m\u00e9diath\u00e8que exp\u00e9rimentale<\/td>\r\n<td class=\"\" style=\"padding-left: 10px; text-align: right;\" valign=\"top\">poste vacant<\/td>\r\n<\/tr>\r\n<tr>\r\n<td class=\"orange\" style=\"text-align: left;\" valign=\"top\">Professeur attach\u00e9 d'art plastique<\/td>\r\n<td class=\"\" style=\"padding-left: 10px; text-align: right;\" valign=\"top\">poste vacant<\/td>\r\n<\/tr>\r\n<\/tbody>\r\n<\/table>\r\n<\/div>\r\n<\/div>\r\n\r\n\r\n<\/div>\r\n<\/div>\r\n<\/div>\r\n\r\n\r\n<\/div>\r\n<\/div>\r\n<\/div>\r\n\n","protected":false},"excerpt":{"rendered":"T\u00e9l +33 (0)3 84 23 59 72 Email lespace@territoiredebelfort.fr Direction poste vacant Administration marie-pierre.henon@territoiredebelfort.fr Charg\u00e9e des publics, m\u00e9diation et la collection poste vacant Concepteur multim\u00e9dia, r\u00e9f\u00e9rent technique vincent.marguet@territoiredebelfort.fr Charg\u00e9 d&rsquo;accueil multim\u00e9dia joel.mbajoumbe@territoiredebelfort.fr Charg\u00e9 de la m\u00e9diath\u00e8que exp\u00e9rimentale poste vacant Professeur attach\u00e9 d&rsquo;art plastique poste vacant","protected":false},"author":5,"featured_media":0,"parent":0,"menu_order":0,"comment_status":"closed","ping_status":"closed","template":"page-orange.php","meta":{"footnotes":""},"class_list":["post-565","page","type-page","status-publish","hentry"],"_links":{"self":[{"href":"https:\/\/www.espacemultimediagantner.cg90.net\/fr\/wp-json\/wp\/v2\/pages\/565","targetHints":{"allow":["GET"]}}],"collection":[{"href":"https:\/\/www.espacemultimediagantner.cg90.net\/fr\/wp-json\/wp\/v2\/pages"}],"about":[{"href":"https:\/\/www.espacemultimediagantner.cg90.net\/fr\/wp-json\/wp\/v2\/types\/page"}],"author":[{"embeddable":true,"href":"https:\/\/www.espacemultimediagantner.cg90.net\/fr\/wp-json\/wp\/v2\/users\/5"}],"replies":[{"embeddable":true,"href":"https:\/\/www.espacemultimediagantner.cg90.net\/fr\/wp-json\/wp\/v2\/comments?post=565"}],"version-history":[{"count":56,"href":"https:\/\/www.espacemultimediagantner.cg90.net\/fr\/wp-json\/wp\/v2\/pages\/565\/revisions"}],"predecessor-version":[{"id":8753,"href":"https:\/\/www.espacemultimediagantner.cg90.net\/fr\/wp-json\/wp\/v2\/pages\/565\/revisions\/8753"}],"wp:attachment":[{"href":"https:\/\/www.espacemultimediagantner.cg90.net\/fr\/wp-json\/wp\/v2\/media?parent=565"}],"curies":[{"name":"wp","href":"https:\/\/api.w.org\/{rel}","templated":true}]}}