{"id":557,"date":"2015-08-24T10:51:29","date_gmt":"2015-08-24T09:51:29","guid":{"rendered":"https:\/\/www.espacemultimediagantner.cg90.net\/?page_id=557"},"modified":"2026-04-24T11:10:57","modified_gmt":"2026-04-24T10:10:57","slug":"informations-pratiques","status":"publish","type":"page","link":"https:\/\/www.espacemultimediagantner.cg90.net\/fr\/informations-pratiques\/","title":{"rendered":"Informations pratiques"},"content":{"rendered":"<div class=\"vce-row-container\" data-vce-boxed-width=\"true\">\n<div id=\"el-bcdfcc56\" class=\"vce-row vce-row--col-gap-30 vce-row-equal-height vce-row-content--top\" data-vce-do-apply=\"all el-bcdfcc56\">\n<div class=\"vce-row-content\" data-vce-element-content=\"true\">\n<p><\/p>\n<div id=\"el-ec3fafae\" class=\"vce-col vce-col--md-auto vce-col--xs-1 vce-col--xs-last vce-col--xs-first vce-col--sm-last vce-col--sm-first vce-col--md-last vce-col--lg-last vce-col--xl-last vce-col--md-first vce-col--lg-first vce-col--xl-first\">\n<div class=\"vce-col-inner\" data-vce-do-apply=\"border margin background el-ec3fafae\">\n<div class=\"vce-col-content\" data-vce-element-content=\"true\" data-vce-do-apply=\"padding el-ec3fafae\">\n<p><\/p>\n<div class=\"vce-text-block\">\n<div id=\"el-4fd41f05\" class=\"vce-text-block-wrapper vce\" data-vce-do-apply=\"all el-4fd41f05\">\n<h2 class=\"headline font-inherit fontsize-l fontweight-400 lh-inherit align-center transform-inherit \" style=\"margin: 0 0 20px 0;\">Horaires<\/h2>\n<p>DU MARDI AU SAMEDI, DE 14H \u00c0 18H, en fonction de la programmation.<br \/>\nFermeture les jours f\u00e9ri\u00e9s.<\/p>\n<h4 class=\"headline font-inherit fontsize-inherit fontweight-700 lh-inherit align-left transform-inherit \" style=\"margin: 20px 0 20px 0; color: #ee6e2c;\">Entr\u00e9e libre<\/h4>\n<p>Le pr\u00eat en m\u00e9diath\u00e8que se fait en s&rsquo;acquittant du droit d&rsquo;inscription de 30 \u20ac, somme revers\u00e9e par virement bancaire quand vous d\u00e9cidez d&rsquo;arr\u00eater l&rsquo;abonnement.<\/p>\n<h2 class=\"headline font-inherit fontsize-l fontweight-400 lh-inherit align-center transform-inherit \" style=\"margin: 0 0 20px 0;\">Acc\u00e8s<\/h2><h4 class=\"headline font-inherit fontsize-inherit fontweight-700 lh-inherit align-left transform-inherit \" style=\"margin: 15px 0 5px 0; color: #ee6e2c;\">En voiture<\/h4>\n<p>Depuis l&rsquo;autoroute A36, prendre \u00ab\u00a0sortie 11\u00a0\u00bb, Vesoul-\u00c9pinal, puis suivre direction Delle-Del\u00e9mont, jusqu&rsquo;\u00e0 la sortie Bourogne. Vous pouvez tracer votre itin\u00e9raire avec la carte ci-dessous.<\/p>\n<h4 class=\"headline font-inherit fontsize-inherit fontweight-700 lh-inherit align-left transform-inherit \" style=\"margin: 15px 0 5px 0; color: #ee6e2c;\">En bus<\/h4>\n<p>Achat de titre de transport par SMS : 84100, \u00e9crire \u00ab\u00a0bus\u00a0\u00bb.<\/p>\n<p>Consultez le site <a href=\"http:\/\/www.optymo.fr\">www.optymo.fr.<\/a><\/p>\n<p>Il vous permet de calculer votre itin\u00e9raire selon le lieu de votre habitation<\/p>\n<h4 class=\"headline font-inherit fontsize-inherit fontweight-700 lh-inherit align-left transform-inherit \" style=\"margin: 15px 0 5px 0; color: #ee6e2c;\">En train<\/h4>\n<p>Consultez le site www.ter-sncf.com o\u00f9 vous pourrez calculer vos trajets, puis quand vous arriverez sur Belfort, prenez le bus ou profitez du r\u00e9seau de covoiturage<\/p>\n<\/div>\n<\/div>\n<p><\/p>\n<div class=\"vce-google-maps vce-google-maps--align-left\">\n<div id=\"el-46931abb\" class=\"vce-google-maps-wrapper vce vce-google-maps-proportional\" style=\"width: 600px; height: auto;\" data-vce-do-apply=\"all el-46931abb\">\n<div class=\"vce-google-maps-inner\" style=\"padding-bottom: 75%;\"><iframe loading=\"lazy\" style=\"border: 1px solid black; pointer-events: none;\" src=\"https:\/\/www.openstreetmap.org\/export\/embed.html?bbox=6.914246678352357%2C47.5624030079017%2C6.9200724363327035%2C47.565628184749954&amp;layer=mapnik\" width=\"600\" height=\"450\"><\/iframe><br \/>\n<small><a href=\"https:\/\/www.openstreetmap.org\/#map=18\/47.56402\/6.91716\" data-bcup-haslogintext=\"no\">Afficher une carte plus grande<\/a><\/small><\/div>\n<\/div>\n<\/div>\n<p><\/p>\n<\/div>\n<\/div>\n<\/div>\n<p><\/p>\n<\/div>\n<\/div>\n<\/div>\n<p><!--vcv no format--><\/p>\n","protected":false},"excerpt":{"rendered":"DU MARDI AU SAMEDI, DE 14H \u00c0 18H, en fonction de la programmation. Fermeture les jours f\u00e9ri\u00e9s. Le pr\u00eat en m\u00e9diath\u00e8que se fait en s&rsquo;acquittant du droit d&rsquo;inscription de 30 \u20ac, somme revers\u00e9e par virement bancaire quand vous d\u00e9cidez d&rsquo;arr\u00eater l&rsquo;abonnement. Depuis l&rsquo;autoroute A36, prendre \u00ab\u00a0sortie 11\u00a0\u00bb, Vesoul-\u00c9pinal, puis suivre direction Delle-Del\u00e9mont, jusqu&rsquo;\u00e0 la sortie&#8230;<br><span class=\"morePlus\">+<\/span>","protected":false},"author":5,"featured_media":0,"parent":0,"menu_order":0,"comment_status":"closed","ping_status":"closed","template":"page-orange.php","meta":{"footnotes":""},"class_list":["post-557","page","type-page","status-publish","hentry"],"_links":{"self":[{"href":"https:\/\/www.espacemultimediagantner.cg90.net\/fr\/wp-json\/wp\/v2\/pages\/557","targetHints":{"allow":["GET"]}}],"collection":[{"href":"https:\/\/www.espacemultimediagantner.cg90.net\/fr\/wp-json\/wp\/v2\/pages"}],"about":[{"href":"https:\/\/www.espacemultimediagantner.cg90.net\/fr\/wp-json\/wp\/v2\/types\/page"}],"author":[{"embeddable":true,"href":"https:\/\/www.espacemultimediagantner.cg90.net\/fr\/wp-json\/wp\/v2\/users\/5"}],"replies":[{"embeddable":true,"href":"https:\/\/www.espacemultimediagantner.cg90.net\/fr\/wp-json\/wp\/v2\/comments?post=557"}],"version-history":[{"count":35,"href":"https:\/\/www.espacemultimediagantner.cg90.net\/fr\/wp-json\/wp\/v2\/pages\/557\/revisions"}],"predecessor-version":[{"id":9112,"href":"https:\/\/www.espacemultimediagantner.cg90.net\/fr\/wp-json\/wp\/v2\/pages\/557\/revisions\/9112"}],"wp:attachment":[{"href":"https:\/\/www.espacemultimediagantner.cg90.net\/fr\/wp-json\/wp\/v2\/media?parent=557"}],"curies":[{"name":"wp","href":"https:\/\/api.w.org\/{rel}","templated":true}]}}