{"id":543,"date":"2015-08-11T16:38:32","date_gmt":"2015-08-11T15:38:32","guid":{"rendered":"https:\/\/www.espacemultimediagantner.cg90.net\/?page_id=543"},"modified":"2023-09-08T14:29:39","modified_gmt":"2023-09-08T13:29:39","slug":"fiches-pedagogiques-de-la-collection","status":"publish","type":"page","link":"https:\/\/www.espacemultimediagantner.cg90.net\/fr\/fiches-pedagogiques-de-la-collection\/","title":{"rendered":"Fiches p\u00e9dagogiques de la collection"},"content":{"rendered":"<p><strong>Qu&rsquo;est ce que l&rsquo;art num\u00e9rique ?<\/strong><\/p>\n<p class=\"p1\"><span class=\"s1\">Depuis 2004, l\u2019Espace multim\u00e9dia gantner poss\u00e8de une collection d\u2019oeuvres d\u2019art num\u00e9riques unique en France. Cette collection propose un panorama de la cr\u00e9ation contemporaine num\u00e9rique allant des cd-rom d\u2019artistes aux installations. Vous pouvez d\u00e9couvrir ici l\u2019ensemble de ces oeuvres et leur documentation. Ces th\u00e8mes en sont : l\u2019identit\u00e9, l\u2019immigration, la science-fiction, la fiction, le f\u00e9minisme, la m\u00e9moire, la manipulation des m\u00e9dias\u2026\u00a0<\/span><\/p>\n<p>Dans ce cadre, l&rsquo;Espace multim\u00e9dia gantner met \u00e0 disposition de son public,\u00a0un guide pour mieux comprendre l&rsquo;art num\u00e9rique. Pour consulter ou t\u00e9l\u00e9charger ce fichier,\u00a0<a href=\"http:\/\/www.espacemultimediagantner.cg90.net\/wp-content\/uploads\/2015\/07\/LIVRETARTNU2017.pdf\">cliquez ici<\/a>.<\/p>\n","protected":false},"excerpt":{"rendered":"Qu&rsquo;est ce que l&rsquo;art num\u00e9rique ? Depuis 2004, l\u2019Espace multim\u00e9dia gantner poss\u00e8de une collection d\u2019oeuvres d\u2019art num\u00e9riques unique en France. Cette collection propose un panorama de la cr\u00e9ation contemporaine num\u00e9rique allant des cd-rom d\u2019artistes aux installations. Vous pouvez d\u00e9couvrir ici l\u2019ensemble de ces oeuvres et leur documentation. Ces th\u00e8mes en sont : l\u2019identit\u00e9, l\u2019immigration, la&#8230;<br><span class=\"morePlus\">+<\/span>","protected":false},"author":5,"featured_media":0,"parent":0,"menu_order":0,"comment_status":"closed","ping_status":"closed","template":"fiches-pedagogiques.php","meta":{"footnotes":""},"class_list":["post-543","page","type-page","status-publish","hentry"],"_links":{"self":[{"href":"https:\/\/www.espacemultimediagantner.cg90.net\/fr\/wp-json\/wp\/v2\/pages\/543","targetHints":{"allow":["GET"]}}],"collection":[{"href":"https:\/\/www.espacemultimediagantner.cg90.net\/fr\/wp-json\/wp\/v2\/pages"}],"about":[{"href":"https:\/\/www.espacemultimediagantner.cg90.net\/fr\/wp-json\/wp\/v2\/types\/page"}],"author":[{"embeddable":true,"href":"https:\/\/www.espacemultimediagantner.cg90.net\/fr\/wp-json\/wp\/v2\/users\/5"}],"replies":[{"embeddable":true,"href":"https:\/\/www.espacemultimediagantner.cg90.net\/fr\/wp-json\/wp\/v2\/comments?post=543"}],"version-history":[{"count":13,"href":"https:\/\/www.espacemultimediagantner.cg90.net\/fr\/wp-json\/wp\/v2\/pages\/543\/revisions"}],"predecessor-version":[{"id":7385,"href":"https:\/\/www.espacemultimediagantner.cg90.net\/fr\/wp-json\/wp\/v2\/pages\/543\/revisions\/7385"}],"wp:attachment":[{"href":"https:\/\/www.espacemultimediagantner.cg90.net\/fr\/wp-json\/wp\/v2\/media?parent=543"}],"curies":[{"name":"wp","href":"https:\/\/api.w.org\/{rel}","templated":true}]}}