{"id":47,"date":"2015-07-18T17:24:38","date_gmt":"2015-07-18T16:24:38","guid":{"rendered":"https:\/\/www.espacemultimediagantner.cg90.net\/?page_id=47"},"modified":"2023-02-23T12:14:24","modified_gmt":"2023-02-23T11:14:24","slug":"la-collection","status":"publish","type":"page","link":"https:\/\/www.espacemultimediagantner.cg90.net\/fr\/la-collection\/","title":{"rendered":"La collection"},"content":{"rendered":"<div class=\"vce-row-container\" data-vce-boxed-width=\"true\"><div class=\"vce-row vce-row--col-gap-30 vce-row-equal-height vce-row-content--top\" id=\"el-4e1eb820\" data-vce-do-apply=\"all el-4e1eb820\"><div class=\"vce-row-content\" data-vce-element-content=\"true\"><div class=\"vce-col vce-col--md-auto vce-col--xs-1 vce-col--xs-last vce-col--xs-first vce-col--sm-last vce-col--sm-first vce-col--md-last vce-col--lg-last vce-col--xl-last vce-col--md-first vce-col--lg-first vce-col--xl-first\" id=\"el-49369e96\"><div class=\"vce-col-inner\" data-vce-do-apply=\"border margin background  el-49369e96\"><div class=\"vce-col-content\" data-vce-element-content=\"true\" data-vce-do-apply=\"padding el-49369e96\"><div class=\"vce-text-block\"><div class=\"vce-text-block-wrapper vce\" id=\"el-11cce4c0\" data-vce-do-apply=\"all el-11cce4c0\"><h2>Qu'est-ce que l'art num\u00e9rique ?<\/h2>\n<p><!--more--><\/p>\n<p>L'Espace multim\u00e9dia gantner met \u00e0 disposition de son public,&nbsp;un guide pour mieux comprendre l'art num\u00e9rique.<br>Pour consulter ou t\u00e9l\u00e9charger le fichier, <a href=\"https:\/\/www.espacemultimediagantner.cg90.net\/wp-content\/uploads\/2015\/07\/WEB_EMG_LIVRET_ARTNUM_2018.pdf\">cliquez ici<\/a>.<\/p>\n<h2>Qu'est-ce que l'art sonore ?<\/h2>\n<p>L'Espace multim\u00e9dia gantner met \u00e0 disposition de son public, un guide. Pour mieux comprendre l'art sonore.<\/p>\n<p>Pour consulter ou t\u00e9l\u00e9charger le fichier, <a href=\"https:\/\/www.espacemultimediagantner.cg90.net\/wp-content\/uploads\/2015\/07\/WEB_EMG_LIVRET_ARTSON_2018.pdf\">cliquez ici<\/a>.<\/p>\n<h2>Conservation, restauration<\/h2>\n<p>L'instabilit\u00e9 des supports num\u00e9riques a conduit l'Espace multim\u00e9dia gantner \u00e0 une r\u00e9flexion sur la conservation et restauration des \u0153uvres d'art num\u00e9rique, qui se concr\u00e9tise par la participation au projet Interreg, men\u00e9 par le ZKM (Allemagne - Karlsruhe) : L'art num\u00e9rique dans les collections du Rhin sup\u00e9rieur. Conservation, Restauration, P\u00e9rennisation (soit le projet Digital Art Conservation).<br>Le projet Digital Art Conservation se consacre dans un premier temps \u00e0 documenter et \u00e0 constituer un inventaire des collections d\u2019art num\u00e9rique du Rhin sup\u00e9rieur. En deuxi\u00e8me lieu, fort de la longue exp\u00e9rience des partenaires dans le domaine de la pr\u00e9servation et de la pr\u00e9sentation de l\u2019art num\u00e9rique, il concourt au d\u00e9bat international dans le nouveau domaine de la conservation.<br>Le projet s\u2019\u00e9tend sur une p\u00e9riode allant de janvier 2010 \u00e0 d\u00e9cembre 2012 et il est cofinanc\u00e9 par le programme europ\u00e9en Interreg IV Rhin sup\u00e9rieur.<\/p>\n<p>Pour en savoir plus :&nbsp;<a href=\"http:\/\/www.digitalartconservation.org\/\" target=\"_blank\" rel=\"noopener\">http:\/\/www.digitalartconservation.org\/<\/a><\/p>\n<h2>Pour d\u00e9couvrir la collection<\/h2>\n<p>Afin de valoriser cette collection et de sensibiliser le public \u00e0 l\u2019art contemporain, au multim\u00e9dia et \u00e0 la culture num\u00e9rique, des activit\u00e9s sont propos\u00e9es \u00e0 l\u2019Espace ou \u00e0 l\u2019ext\u00e9rieur sur demande (cadre scolaire, associations\u2026).<br>Il est aussi possible d\u2019effectuer des pr\u00eats des \u0153uvres de la collection pour une exposition ou un \u00e9v\u00e9nement.<\/p>\n<p>Contact : sophie.monesi@territoiredebelfort.fr<\/p>\n<h3>Lieux qui ont b\u00e9n\u00e9fici\u00e9 de pr\u00eats d\u2019oeuvres<\/h3>\n<p>Le Mucem de Marseille, Le Palais de Tokyo \u00e0 Paris, L'Institut Fran\u00e7ais, Hong Kong Arts Center, le Centre Pompidou Paris, le Vitra Design Museum de Weil am Rhein, la Science Gallery de Dublin, le Point Culture de Bruxelles, la Maison d'Ailleurs \u00e0 Yverdon, La Kunsthaus de Langenthal (Suisse),Le Luznava Manor de Rezeknes (Lettonie), Le Museo del Disseny de Barcelone, L'Ecole des beaux arts de Lyon, le Shadok de Strasbourg, Saint-Ex \u00e0 Reims, Le CREDAC \u00e0 Ivry sur Seine, le MAC\/VAL de Vitry sur Seine, l'Abbaye de Maubuisson, les Mus\u00e9es de Belfort, le Festival Visages du Monde de Cergy, La Grosse Entreprise de Besan\u00e7on, le FRAC Bourgogne-Franche-Comt\u00e9, les Salines Royales d'Arc et Senans, le BENTO de Mulhouse, la Kunsthalle de Mulhouse, les ateliers Canop\u00e9 de Franche-Comt\u00e9, le Festival Entrevues de Belfort, la Poudri\u00e8re de Belfort, le Festival Orl\u00e9ano\u00efdes \u00e0 Orl\u00e9ans, le Festival Acces(s) \u00e0 Bill\u00e8re, le Festival Necronomicon \u00e0 Andelnans, le NeoFestival de Luxeuil, l'Usine \u00e0 Belfort, La Sc\u00e8ne Nationale de Belfort - Le Granit, l'Universit\u00e9 Technologie de Belfort-Montbeliard, les M\u00e9diath\u00e8ques du D\u00e9partement et alentours, le Centre Chor\u00e9graphique National de Franche-Comt\u00e9, les Biblioth\u00e8ques universitaire et municipale de Belfort, les \u00e9coles d'art et les coll\u00e8ges et lyc\u00e9es de la r\u00e9gion ou alentours...<\/p><\/div><\/div><\/div><\/div><\/div><\/div><\/div><\/div><div class=\"vce-row-container\" data-vce-boxed-width=\"true\"><div class=\"vce-row vce-row--col-gap-30 vce-row-equal-height vce-row-content--top\" id=\"el-0f0b248f\" data-vce-do-apply=\"all el-0f0b248f\"><div class=\"vce-row-content\" data-vce-element-content=\"true\"><div class=\"vce-col vce-col--md-auto vce-col--xs-1 vce-col--xs-last vce-col--xs-first vce-col--sm-last vce-col--sm-first vce-col--md-last vce-col--lg-last vce-col--xl-last vce-col--md-first vce-col--lg-first vce-col--xl-first\" id=\"el-d35d5692\"><div class=\"vce-col-inner\" data-vce-do-apply=\"border margin background  el-d35d5692\"><div class=\"vce-col-content\" data-vce-element-content=\"true\" data-vce-do-apply=\"padding el-d35d5692\"><div><\/div><\/div><\/div><\/div><\/div><\/div><\/div><div class=\"vce-row-container\" data-vce-boxed-width=\"true\"><div class=\"vce-row vce-row--col-gap-30 vce-row-equal-height vce-row-content--top\" id=\"el-ae817fcd\" data-vce-do-apply=\"all el-ae817fcd\"><div class=\"vce-row-content\" data-vce-element-content=\"true\"><div class=\"vce-col vce-col--md-auto vce-col--xs-1 vce-col--xs-last vce-col--xs-first vce-col--sm-last vce-col--sm-first vce-col--md-last vce-col--lg-last vce-col--xl-last vce-col--md-first vce-col--lg-first vce-col--xl-first\" id=\"el-0f7cac59\"><div class=\"vce-col-inner\" data-vce-do-apply=\"border margin background  el-0f7cac59\"><div class=\"vce-col-content\" data-vce-element-content=\"true\" data-vce-do-apply=\"padding el-0f7cac59\"><div><\/div><\/div><\/div><\/div><\/div><\/div><\/div>","protected":false},"excerpt":{"rendered":"Qu&rsquo;est-ce que l&rsquo;art num\u00e9rique ?","protected":false},"author":5,"featured_media":0,"parent":0,"menu_order":0,"comment_status":"closed","ping_status":"closed","template":"collection.php","meta":{"footnotes":""},"class_list":["post-47","page","type-page","status-publish","hentry"],"_links":{"self":[{"href":"https:\/\/www.espacemultimediagantner.cg90.net\/fr\/wp-json\/wp\/v2\/pages\/47","targetHints":{"allow":["GET"]}}],"collection":[{"href":"https:\/\/www.espacemultimediagantner.cg90.net\/fr\/wp-json\/wp\/v2\/pages"}],"about":[{"href":"https:\/\/www.espacemultimediagantner.cg90.net\/fr\/wp-json\/wp\/v2\/types\/page"}],"author":[{"embeddable":true,"href":"https:\/\/www.espacemultimediagantner.cg90.net\/fr\/wp-json\/wp\/v2\/users\/5"}],"replies":[{"embeddable":true,"href":"https:\/\/www.espacemultimediagantner.cg90.net\/fr\/wp-json\/wp\/v2\/comments?post=47"}],"version-history":[{"count":32,"href":"https:\/\/www.espacemultimediagantner.cg90.net\/fr\/wp-json\/wp\/v2\/pages\/47\/revisions"}],"predecessor-version":[{"id":6987,"href":"https:\/\/www.espacemultimediagantner.cg90.net\/fr\/wp-json\/wp\/v2\/pages\/47\/revisions\/6987"}],"wp:attachment":[{"href":"https:\/\/www.espacemultimediagantner.cg90.net\/fr\/wp-json\/wp\/v2\/media?parent=47"}],"curies":[{"name":"wp","href":"https:\/\/api.w.org\/{rel}","templated":true}]}}