{"id":3868,"date":"2020-12-23T11:24:25","date_gmt":"2020-12-23T10:24:25","guid":{"rendered":"https:\/\/www.espacemultimediagantner.cg90.net\/?page_id=3868"},"modified":"2020-12-23T11:25:08","modified_gmt":"2020-12-23T10:25:08","slug":"cherche-trouve-et-compte-autour-du-monde-le-groenland","status":"publish","type":"page","link":"https:\/\/www.espacemultimediagantner.cg90.net\/fr\/cherche-trouve-et-compte-autour-du-monde-le-groenland\/","title":{"rendered":"Cherche, Trouve et Compte , Autour du Monde : Le Groenland"},"content":{"rendered":"<p style=\"text-align: center;\"><a href=\"https:\/\/www.espacemultimediagantner.cg90.net\/wp-content\/uploads\/2020\/12\/Cherche-trouve-et-compte-Autour-du-monde.jpg\"><img loading=\"lazy\" decoding=\"async\" width=\"250\" height=\"250\" class=\"alignnone size-medium wp-image-3871\" src=\"https:\/\/www.espacemultimediagantner.cg90.net\/wp-content\/uploads\/2020\/12\/Cherche-trouve-et-compte-Autour-du-monde-250x250.jpg\" alt=\"Cherche-trouve-et-compte-Autour-du-monde\" srcset=\"https:\/\/www.espacemultimediagantner.cg90.net\/wp-content\/uploads\/2020\/12\/Cherche-trouve-et-compte-Autour-du-monde-250x250.jpg 250w, https:\/\/www.espacemultimediagantner.cg90.net\/wp-content\/uploads\/2020\/12\/Cherche-trouve-et-compte-Autour-du-monde-150x150.jpg 150w, https:\/\/www.espacemultimediagantner.cg90.net\/wp-content\/uploads\/2020\/12\/Cherche-trouve-et-compte-Autour-du-monde-120x120.jpg 120w, https:\/\/www.espacemultimediagantner.cg90.net\/wp-content\/uploads\/2020\/12\/Cherche-trouve-et-compte-Autour-du-monde-300x300.jpg 300w, https:\/\/www.espacemultimediagantner.cg90.net\/wp-content\/uploads\/2020\/12\/Cherche-trouve-et-compte-Autour-du-monde.jpg 340w\" sizes=\"auto, (max-width: 250px) 100vw, 250px\" \/><\/a><\/p>\n<p>D\u2019 apr\u00e8s le livre \u00ab\u00a0Cherche, Trouve et Compte , Autour du Monde\u00a0\u00bb de Marzia Ciordano aux Editions LITO<\/p>\n<p>Jeux cr\u00e9e avec le logiciel (gratuit open source) Godot v3.2.3<\/p>\n<p>L\u2019application ne requiert aucune autorisation ni acc\u00e8s sp\u00e9cifique pour \u00eatre install\u00e9e sur votre (vos) mat\u00e9riel(s).<\/p>\n<p><span style=\"text-decoration: underline;\">T\u00e9l\u00e9charger la version pour ordinateur Pc Windows\u00a0:<br \/>\n<\/span>D\u00e9compresser le fichier .zip<\/p>\n<h3><a href=\"https:\/\/www.espacemultimediagantner.cg90.net\/noel2020\/groenland\/windows\/groenland.zip\">Groenland pour Windows<\/a><\/h3>\n<p><span style=\"text-decoration: underline;\">T\u00e9l\u00e9charger la version\u00a0pour ordinateur MacOs\u00a0:<br \/>\n<\/span>D\u00e9compresser le fichier .zip<\/p>\n<h3><a href=\"https:\/\/www.espacemultimediagantner.cg90.net\/noel2020\/groenland\/macos\/groenland.zip\">Groenland pour MacOs<\/a><\/h3>\n<p><span style=\"text-decoration: underline;\">T\u00e9l\u00e9charger la version pour Mobile Android\u00a0:<br \/>\n<\/span>N\u2019\u00e9tant pas d\u00e9veloppeur certifi\u00e9 aupr\u00e8s de Google, il se peut que vous ayez un message de s\u00e9curit\u00e9 (play protect et\/ou votre anti-virus) lors de l\u2019installation\u00a0ou du lancement de l\u2019application sur votre smartphone : pas d\u2019inqui\u00e9tude l\u2019application est sans danger pour votre mat\u00e9riel et ne nuit en aucun cas \u00e0 la confidentialit\u00e9 des vos donn\u00e9es personnelles, je vous le garantie. N\u2019oubliez pas d\u2019autoriser l\u2019installation d\u2019applications de Sources inconnues (Param\u00e8tres \u2013&gt; S\u00e9curit\u00e9 \u2013&gt; et cocher Sources inconnues).<\/p>\n<h3><a href=\"https:\/\/www.espacemultimediagantner.cg90.net\/noel2020\/groenland\/android\/groenland.apk\">Groenland pour Smartphone Android<\/a><\/h3>\n<p><span style=\"text-decoration: underline;\">Jouer en ligne avec la version html :<\/span><\/p>\n<h3><a href=\"https:\/\/www.espacemultimediagantner.cg90.net\/noel2020\/groenland\/html\/groenland.html\">Groenland en ligne<\/a><\/h3>\n","protected":false},"excerpt":{"rendered":"D\u2019 apr\u00e8s le livre \u00ab\u00a0Cherche, Trouve et Compte , Autour du Monde\u00a0\u00bb de Marzia Ciordano aux Editions LITO Jeux cr\u00e9e avec le logiciel (gratuit open source) Godot v3.2.3 L\u2019application ne requiert aucune autorisation ni acc\u00e8s sp\u00e9cifique pour \u00eatre install\u00e9e sur votre (vos) mat\u00e9riel(s). T\u00e9l\u00e9charger la version pour ordinateur Pc Windows\u00a0: D\u00e9compresser le fichier .zip Groenland&#8230;<br><span class=\"morePlus\">+<\/span>","protected":false},"author":6,"featured_media":3871,"parent":0,"menu_order":0,"comment_status":"closed","ping_status":"open","template":"page-orange.php","meta":{"footnotes":""},"class_list":["post-3868","page","type-page","status-publish","has-post-thumbnail","hentry"],"_links":{"self":[{"href":"https:\/\/www.espacemultimediagantner.cg90.net\/fr\/wp-json\/wp\/v2\/pages\/3868","targetHints":{"allow":["GET"]}}],"collection":[{"href":"https:\/\/www.espacemultimediagantner.cg90.net\/fr\/wp-json\/wp\/v2\/pages"}],"about":[{"href":"https:\/\/www.espacemultimediagantner.cg90.net\/fr\/wp-json\/wp\/v2\/types\/page"}],"author":[{"embeddable":true,"href":"https:\/\/www.espacemultimediagantner.cg90.net\/fr\/wp-json\/wp\/v2\/users\/6"}],"replies":[{"embeddable":true,"href":"https:\/\/www.espacemultimediagantner.cg90.net\/fr\/wp-json\/wp\/v2\/comments?post=3868"}],"version-history":[{"count":3,"href":"https:\/\/www.espacemultimediagantner.cg90.net\/fr\/wp-json\/wp\/v2\/pages\/3868\/revisions"}],"predecessor-version":[{"id":3872,"href":"https:\/\/www.espacemultimediagantner.cg90.net\/fr\/wp-json\/wp\/v2\/pages\/3868\/revisions\/3872"}],"wp:featuredmedia":[{"embeddable":true,"href":"https:\/\/www.espacemultimediagantner.cg90.net\/fr\/wp-json\/wp\/v2\/media\/3871"}],"wp:attachment":[{"href":"https:\/\/www.espacemultimediagantner.cg90.net\/fr\/wp-json\/wp\/v2\/media?parent=3868"}],"curies":[{"name":"wp","href":"https:\/\/api.w.org\/{rel}","templated":true}]}}