{"id":14,"date":"2015-06-04T11:09:26","date_gmt":"2015-06-04T10:09:26","guid":{"rendered":"https:\/\/www.espacemultimediagantner.cg90.net\/?page_id=14"},"modified":"2025-12-17T14:34:51","modified_gmt":"2025-12-17T13:34:51","slug":"accueil","status":"publish","type":"page","link":"https:\/\/www.espacemultimediagantner.cg90.net\/fr\/","title":{"rendered":"Accueil"},"content":{"rendered":"<div class=\"vce-row-container\" data-vce-boxed-width=\"true\"><div class=\"vce-row vce-row--col-gap-30 vce-row-equal-height vce-row-content--top\" id=\"el-dd3502a5\" data-vce-do-apply=\"all el-dd3502a5\"><div class=\"vce-row-content\" data-vce-element-content=\"true\"><div class=\"vce-col vce-col--md-auto vce-col--xs-1 vce-col--xs-last vce-col--xs-first vce-col--sm-last vce-col--sm-first vce-col--md-last vce-col--lg-last vce-col--xl-last vce-col--md-first vce-col--lg-first vce-col--xl-first\" id=\"el-3c6bcc46\"><div class=\"vce-col-inner\" data-vce-do-apply=\"border margin background  el-3c6bcc46\"><div class=\"vce-col-content\" data-vce-element-content=\"true\" data-vce-do-apply=\"padding el-3c6bcc46\"><div class=\"vce-text-block\"><div class=\"vce-text-block-wrapper vce\" id=\"el-fedc409f\" data-vce-do-apply=\"all el-fedc409f\"><div class=\"n2_ss_slider_publish__option_code\" dir=\"ltr\" data-mode=\"id\"><\/div><\/div><\/div><div class=\"vce-row-container\" data-vce-boxed-width=\"true\"><div class=\"vce-row vce-row--col-gap-30 vce-row-equal-height vce-row-content--top\" id=\"el-d9f0f3f8\" data-vce-do-apply=\"all el-d9f0f3f8\"><div class=\"vce-content-background-container\"><\/div><div class=\"vce-row-content\" data-vce-element-content=\"true\"><div class=\"vce-col vce-col--md-auto vce-col--xs-1 vce-col--xs-last vce-col--xs-first vce-col--sm-last vce-col--sm-first vce-col--md-last vce-col--lg-last vce-col--xl-last vce-col--md-first vce-col--lg-first vce-col--xl-first\" id=\"el-426c2547\"><div class=\"vce-col-inner\" data-vce-do-apply=\"border margin background  el-426c2547\"><div class=\"vce-col-content\" data-vce-element-content=\"true\" data-vce-do-apply=\"padding el-426c2547\"><div class=\"vce-text-block\"><div class=\"vce-text-block-wrapper vce\" id=\"el-e6d6af9b\" data-vce-do-apply=\"all el-e6d6af9b\"><h3 class=\"headline font-inherit fontsize-l fontweight-400 lh-inherit align-center transform-uppercase \" style=\"margin: 0 0 0px 0; color: #0eaac9;\">Espace multim\u00e9dia gantner,<\/h3><br><h3 class=\"headline font-inherit fontsize-l fontweight-400 lh-inherit align-center transform-uppercase \" style=\"margin: 0 0 0px 0;\">Explorer la culture Num\u00e9rique<\/h3><\/div><\/div><div class=\"vce vce-separator-container vce-separator--align-center vce-separator--style-solid\" id=\"el-89940962\" data-vce-do-apply=\"margin el-89940962\"><div class=\"vce-separator vce-separator--color-bfc0c1 vce-separator--width-100 vce-separator--thickness-1\" data-vce-do-apply=\"border padding background  el-89940962\"><\/div><\/div><\/div><\/div><\/div><\/div><\/div><\/div><\/div><\/div><\/div><\/div><\/div><\/div><div class=\"vce-row-container\" data-vce-boxed-width=\"true\"><div class=\"vce-row vce-row--col-gap-30 vce-row-equal-height vce-row-content--top\" id=\"el-6e8843af\" data-vce-do-apply=\"all el-6e8843af\"><div class=\"vce-content-background-container\"><\/div><div class=\"vce-row-content\" data-vce-element-content=\"true\"><div class=\"vce-col vce-col--md-50p vce-col--xs-1 vce-col--xs-last vce-col--xs-first vce-col--sm-last vce-col--sm-first vce-col--md-first vce-col--lg-first vce-col--xl-first\" id=\"el-de328f9b\"><div class=\"vce-col-inner\" data-vce-do-apply=\"border margin background  el-de328f9b\"><div class=\"vce-col-content\" data-vce-element-content=\"true\" data-vce-do-apply=\"padding el-de328f9b\"><div class=\"vce-text-block\"><div class=\"vce-text-block-wrapper vce\" id=\"el-1dfbc5b5\" data-vce-do-apply=\"all el-1dfbc5b5\"><p><span data-olk-copy-source=\"MessageBody\">Situ\u00e9 dans la commune de Bourogne, l'Espace multim\u00e9dia Gantner est l'antenne de la M\u00e9diath\u00e8que d\u00e9partementale d\u00e9di\u00e9e aux pratiques num\u00e9riques et \u00e0 l'art num\u00e9rique pour tous, un lieu de d\u00e9couverte, d'exp\u00e9rimentation o\u00f9 se retrouvent et s'expriment de nouvelles pratiques autour du num\u00e9rique (expositions ateliers, collection d'\u0153uvres num\u00e9riques, fonds sp\u00e9cialis\u00e9 art-soci\u00e9t\u00e9-multim\u00e9dia). Il est soutenu par la commune de Bourogne.<\/span><\/p><\/div><\/div><div class=\"vce-text-block\"><div class=\"vce-text-block-wrapper vce\" id=\"el-534087ef\" data-vce-do-apply=\"all el-534087ef\"><p><strong>Toutes les activit\u00e9s sont gratuites<\/strong><\/p><\/div><\/div><\/div><\/div><\/div><div class=\"vce-col vce-col--md-50p vce-col--xs-1 vce-col--xs-last vce-col--xs-first vce-col--sm-last vce-col--sm-first vce-col--md-last vce-col--lg-last vce-col--xl-last\" id=\"el-4942d257\"><div class=\"vce-col-inner\" data-vce-do-apply=\"border margin background  el-4942d257\"><div class=\"vce-col-content\" data-vce-element-content=\"true\" data-vce-do-apply=\"padding el-4942d257\"><div class=\"vce-yt-video-player vce-yt-video-player--align-left vce-yt-video-player--size-560x315\"><div class=\"vce vce-yt-video-player-wrapper\" id=\"el-e8dcf38c\" style=\"width: 560px;\" data-vce-do-apply=\"all el-e8dcf38c\"><div class=\"vce-yt-video-player-inner\"><iframe loading=\"lazy\" class=\"vce-yt-video-player-iframe\" src=\"https:\/\/www.youtube.com\/embed\/N_-LLW7mYKw?autoplay=0&amp;mute=0&amp;color=red&amp;controls=1&amp;loop=0&amp;rel=0&amp;start=0&amp;cc_load_policy=0&amp;iv_load_policy=3&amp;enablejsapi=1\" width=\"640\" height=\"390\" allowfullscreen=\"\" title=\"YouTube video\"><\/iframe><\/div><\/div><\/div><\/div><\/div><\/div><\/div><\/div><\/div><div class=\"vce-row-container\" data-vce-boxed-width=\"true\"><div class=\"vce-row vce-row--col-gap-30 vce-row-equal-height vce-row-content--top\" id=\"el-b08e54f5\" data-vce-do-apply=\"all el-b08e54f5\"><div class=\"vce-row-content\" data-vce-element-content=\"true\"><div class=\"vce-col vce-col--md-auto vce-col--xs-1 vce-col--xs-last vce-col--xs-first vce-col--sm-last vce-col--sm-first vce-col--md-last vce-col--lg-last vce-col--xl-last vce-col--md-first vce-col--lg-first vce-col--xl-first\" id=\"el-8ad31ccf\"><div class=\"vce-col-inner\" data-vce-do-apply=\"border margin background  el-8ad31ccf\"><div class=\"vce-col-content\" data-vce-element-content=\"true\" data-vce-do-apply=\"padding el-8ad31ccf\"><div class=\"vce-single-image-container vce-single-image--align-center\"><div class=\"vce vce-single-image-wrapper\" id=\"el-3ad48d25\" data-vce-do-apply=\"all el-3ad48d25\"><figure><div class=\"vce-single-image-figure-inner\" style=\"width: 1024px;\"><div class=\"vce-single-image-inner vce-single-image--absolute\" style=\"width: 100%; padding-bottom: 13.1836%;\"><img loading=\"lazy\" decoding=\"async\" class=\"vce-single-image\"  width=\"1024\" height=\"135\" srcset=\"https:\/\/www.espacemultimediagantner.cg90.net\/wp-content\/uploads\/2025\/12\/Logo_Website_pack_1225-1-480x64.png 480w, https:\/\/www.espacemultimediagantner.cg90.net\/wp-content\/uploads\/2025\/12\/Logo_Website_pack_1225-1-320x42.png 320w, https:\/\/www.espacemultimediagantner.cg90.net\/wp-content\/uploads\/2025\/12\/Logo_Website_pack_1225-1-800x106.png 800w, https:\/\/www.espacemultimediagantner.cg90.net\/wp-content\/uploads\/2025\/12\/Logo_Website_pack_1225-1-1024x135.png 1024w\" src=\"https:\/\/www.espacemultimediagantner.cg90.net\/wp-content\/uploads\/2025\/12\/Logo_Website_pack_1225-1-1024x135.png\" data-img-src=\"https:\/\/www.espacemultimediagantner.cg90.net\/wp-content\/uploads\/2025\/12\/Logo_Website_pack_1225-1.png\" data-attachment-id=\"8686\"  alt=\"\" title=\"Logo_Website_pack_1225\" \/><\/div><\/div><figcaption hidden=\"\"><\/figcaption><\/figure><\/div><\/div><\/div><\/div><\/div><\/div><\/div><\/div><div class=\"vce-row-container\" data-vce-boxed-width=\"true\"><div class=\"vce-row vce-row--col-gap-30 vce-row-equal-height vce-row-content--top\" id=\"el-eb792836\" data-vce-do-apply=\"all el-eb792836\"><div class=\"vce-row-content\" data-vce-element-content=\"true\"><div class=\"vce-col vce-col--md-auto vce-col--xs-1 vce-col--xs-last vce-col--xs-first vce-col--sm-last vce-col--sm-first vce-col--md-last vce-col--lg-last vce-col--xl-last vce-col--md-first vce-col--lg-first vce-col--xl-first\" id=\"el-efdaaa5b\"><div class=\"vce-col-inner\" data-vce-do-apply=\"border margin background  el-efdaaa5b\"><div class=\"vce-col-content\" data-vce-element-content=\"true\" data-vce-do-apply=\"padding el-efdaaa5b\"><div class=\"vce-single-image-container vce-single-image--align-left\"><div class=\"vce vce-single-image-wrapper\" id=\"el-8e39c2db\" data-vce-do-apply=\"all el-8e39c2db\"><figure><div class=\"vce-single-image-figure-inner\"><div class=\"vce-single-image-inner vce-single-image--absolute\" style=\"width: 100%;\"><\/div><\/div><figcaption hidden=\"\"><\/figcaption><\/figure><\/div><\/div><\/div><\/div><\/div><\/div><\/div><\/div>\n","protected":false},"excerpt":{"rendered":"Espace multim\u00e9dia gantner,Explorer la culture Num\u00e9riqueSitu\u00e9 dans la commune de Bourogne, l&rsquo;Espace multim\u00e9dia Gantner est l&rsquo;antenne de la M\u00e9diath\u00e8que d\u00e9partementale d\u00e9di\u00e9e aux pratiques num\u00e9riques et \u00e0 l&rsquo;art num\u00e9rique pour tous, un lieu de d\u00e9couverte, d&rsquo;exp\u00e9rimentation o\u00f9 se retrouvent et s&rsquo;expriment de nouvelles pratiques autour du num\u00e9rique (expositions ateliers, collection d&rsquo;\u0153uvres num\u00e9riques, fonds sp\u00e9cialis\u00e9 art-soci\u00e9t\u00e9-multim\u00e9dia). Il&#8230;<br><span class=\"morePlus\">+<\/span>","protected":false},"author":5,"featured_media":0,"parent":0,"menu_order":0,"comment_status":"closed","ping_status":"closed","template":"home.php","meta":{"footnotes":""},"class_list":["post-14","page","type-page","status-publish","hentry"],"_links":{"self":[{"href":"https:\/\/www.espacemultimediagantner.cg90.net\/fr\/wp-json\/wp\/v2\/pages\/14","targetHints":{"allow":["GET"]}}],"collection":[{"href":"https:\/\/www.espacemultimediagantner.cg90.net\/fr\/wp-json\/wp\/v2\/pages"}],"about":[{"href":"https:\/\/www.espacemultimediagantner.cg90.net\/fr\/wp-json\/wp\/v2\/types\/page"}],"author":[{"embeddable":true,"href":"https:\/\/www.espacemultimediagantner.cg90.net\/fr\/wp-json\/wp\/v2\/users\/5"}],"replies":[{"embeddable":true,"href":"https:\/\/www.espacemultimediagantner.cg90.net\/fr\/wp-json\/wp\/v2\/comments?post=14"}],"version-history":[{"count":170,"href":"https:\/\/www.espacemultimediagantner.cg90.net\/fr\/wp-json\/wp\/v2\/pages\/14\/revisions"}],"predecessor-version":[{"id":8688,"href":"https:\/\/www.espacemultimediagantner.cg90.net\/fr\/wp-json\/wp\/v2\/pages\/14\/revisions\/8688"}],"wp:attachment":[{"href":"https:\/\/www.espacemultimediagantner.cg90.net\/fr\/wp-json\/wp\/v2\/media?parent=14"}],"curies":[{"name":"wp","href":"https:\/\/api.w.org\/{rel}","templated":true}]}}