{"id":1254,"date":"2015-10-09T07:50:40","date_gmt":"2015-10-09T06:50:40","guid":{"rendered":"https:\/\/www.espacemultimediagantner.cg90.net\/?page_id=1254"},"modified":"2023-08-24T13:29:53","modified_gmt":"2023-08-24T12:29:53","slug":"podcasts-audio","status":"publish","type":"page","link":"https:\/\/www.espacemultimediagantner.cg90.net\/fr\/podcasts-audio\/","title":{"rendered":"Podcasts audio"},"content":{"rendered":"<p style=\"text-align: justify;\">Tous les mois, retrouvez les podcasts audio pr\u00e9sent\u00e9s par Xavier Hug.\u00a0<span class=\"s1\">Cette s\u00e9rie a trac\u00e9 des lignes de fuite et des ponts possibles entre les musiques populaires et savantes, les musiques pop et exp\u00e9rimentales, les musiciens connus et ceux rest\u00e9s dans l\u2019ombre, \u00e0 partir du fonds sonore de l\u2019Espace multim\u00e9dia gantner.<\/span><\/p>\n","protected":false},"excerpt":{"rendered":"Tous les mois, retrouvez les podcasts audio pr\u00e9sent\u00e9s par Xavier Hug.\u00a0Cette s\u00e9rie a trac\u00e9 des lignes de fuite et des ponts possibles entre les musiques populaires et savantes, les musiques pop et exp\u00e9rimentales, les musiciens connus et ceux rest\u00e9s dans l\u2019ombre, \u00e0 partir du fonds sonore de l\u2019Espace multim\u00e9dia gantner.","protected":false},"author":5,"featured_media":0,"parent":0,"menu_order":0,"comment_status":"closed","ping_status":"closed","template":"podcats-audio.php","meta":{"footnotes":""},"class_list":["post-1254","page","type-page","status-publish","hentry"],"_links":{"self":[{"href":"https:\/\/www.espacemultimediagantner.cg90.net\/fr\/wp-json\/wp\/v2\/pages\/1254","targetHints":{"allow":["GET"]}}],"collection":[{"href":"https:\/\/www.espacemultimediagantner.cg90.net\/fr\/wp-json\/wp\/v2\/pages"}],"about":[{"href":"https:\/\/www.espacemultimediagantner.cg90.net\/fr\/wp-json\/wp\/v2\/types\/page"}],"author":[{"embeddable":true,"href":"https:\/\/www.espacemultimediagantner.cg90.net\/fr\/wp-json\/wp\/v2\/users\/5"}],"replies":[{"embeddable":true,"href":"https:\/\/www.espacemultimediagantner.cg90.net\/fr\/wp-json\/wp\/v2\/comments?post=1254"}],"version-history":[{"count":6,"href":"https:\/\/www.espacemultimediagantner.cg90.net\/fr\/wp-json\/wp\/v2\/pages\/1254\/revisions"}],"predecessor-version":[{"id":6205,"href":"https:\/\/www.espacemultimediagantner.cg90.net\/fr\/wp-json\/wp\/v2\/pages\/1254\/revisions\/6205"}],"wp:attachment":[{"href":"https:\/\/www.espacemultimediagantner.cg90.net\/fr\/wp-json\/wp\/v2\/media?parent=1254"}],"curies":[{"name":"wp","href":"https:\/\/api.w.org\/{rel}","templated":true}]}}