{"id":1752,"date":"2015-06-04T11:09:26","date_gmt":"2015-06-04T10:09:26","guid":{"rendered":"https:\/\/www.espacemultimediagantner.cg90.net\/?page_id=1752"},"modified":"2022-09-28T09:46:06","modified_gmt":"2022-09-28T08:46:06","slug":"homepage","status":"publish","type":"page","link":"https:\/\/www.espacemultimediagantner.cg90.net\/en\/","title":{"rendered":"Homepage"},"content":{"rendered":"<p>[vc_row class=&#8221;noMargeTop&#8221;][vc_column width=&#8221;1\/1&#8243;][vc_column_text]<\/p>\n<div class=\"n2_ss_slider_publish__option_code\" dir=\"ltr\" data-mode=\"id\"><\/div>\n<p>[\/vc_column_text][\/vc_column][vc_column][\/vc_column][\/vc_row][vc_row][vc_column width=&#8221;1\/1&#8243;]<div class=\"spacer\" style=\"height: 60px;\"><\/div>[\/vc_column][\/vc_row][vc_row][vc_column width=&#8221;1\/1&#8243;]<h3 class=\"headline font-inherit fontsize-l fontweight-400 lh-inherit align-center transform-uppercase \" style=\"margin: 0 0 0px 0; color: #0eaac9;\">Espace multim\u00e9dia gantner,<\/h3><h3 class=\"headline font-inherit fontsize-l fontweight-400 lh-inherit align-center transform-uppercase \" style=\"margin: 0 0 0px 0;\">Explorer la culture Num\u00e9rique<\/h3><div class=\"divider\" style='margin:10px 0 10px 0 !important;'> <\/div>[\/vc_column][\/vc_row][vc_row][vc_column width=&#8221;1\/3&#8243;]<div class=\"blocTelechargementProgramme\"><img decoding=\"async\" src=\"https:\/\/www.espacemultimediagantner.cg90.net\/wp-content\/themes\/gantner-theme\/img\/pastilleProgramme.png\" class=\"pastilleProgramme imageCouleur\"><div class=\"cadrePrograme1\"><\/div><div class=\"cadrePrograme2\"><\/div><a href=\"https:\/\/www.espacemultimediagantner.cg90.net\/wp-content\/uploads\/2022\/09\/WEB_EMG_TRIM3_202257.pdf\" target=\"_blank\"><img decoding=\"async\" src=\"\" class=\"vignetteProgramme\"><\/a><\/div><div class=\"blocTexteTelechargementProgramme\"><a href=\"https:\/\/www.espacemultimediagantner.cg90.net\/wp-content\/uploads\/2022\/09\/WEB_EMG_TRIM3_202257.pdf\" target=\"_blank\">Download the quarterly program<\/a><\/div>[\/vc_column][vc_column width=&#8221;1\/3&#8243;][vc_column_text]Initially created in 1998 by the town of Bourogne, the Espace multim\u00e9dia Gantner, as a service of the <a href=\"http:\/\/www.territoiredebelfort.fr\/\">D\u00e9partement du Territoire de Belfort<\/a>, is the contemporary art and new technologies satellite of the M\u00e9diath\u00e8que D\u00e9partementalede Pr\u00eat. It is certified Contemporary Art Center by the Ministry of Culture since 2012.<\/p>\n<p>The missions of the Espace multim\u00e9dia Gantner make it a well recognized place in the eryday life of the village, while maintaining a quality artistic programme.<\/p>\n<p>Everybody can come and explore digital culture through different activities : exhibitions, concerts, multimedia workshops, documentary and online resources&#8230;[\/vc_column_text][\/vc_column][vc_column width=&#8221;1\/3&#8243;]<h4 class=\"headline font-inherit fontsize-m fontweight-700 lh-inherit align-center transform-inherit \" style=\"margin: 0 0 20px 0; color: #0eaac9;\">Toutes les activit\u00e9s<br \/>\nsont gratuites<\/h4>[vc_column_text]The Espace multim\u00e9dia Gantner is supported by the <a href=\"http:\/\/www.culturecommunication.gouv.fr\/\">Minist\u00e8re de la Culture et de la Communication<\/a>, the <a href=\"http:\/\/www.culturecommunication.gouv.fr\/Regions\/Drac-Bourgogne-Franche-Comte\">Direction R\u00e9gionale des Affaires Culturelles de Franche-Comt\u00e9<\/a>, the <a href=\"https:\/\/www.bourgognefranchecomte.fr\/\">R\u00e9gion Franche-Comt\u00e9<\/a> and the town of\u00a0<a href=\"http:\/\/www.bourogne.fr\/\"> Bourogne<\/a>.[\/vc_column_text]<div class=\"spacer\" style=\"height: 30px;\"><\/div>[\/vc_column][\/vc_row][vc_row][vc_column width=&#8221;1\/3&#8243;][\/vc_column][vc_column column_center=&#8221;true&#8221; width=&#8221;2\/3&#8243;]<div class=\"single_image wpb_content_element align-right \" data-animation=\"\" data-delay=\"0\"><img decoding=\"async\" src=\"https:\/\/www.espacemultimediagantner.cg90.net\/wp-content\/uploads\/2015\/06\/121Plan-de-travail-1.png\" alt=\"\" \/><\/div>[\/vc_column][\/vc_row]<\/p>\n","protected":false},"excerpt":{"rendered":"[vc_row class=&#8221;noMargeTop&#8221;][vc_column width=&#8221;1\/1&#8243;][vc_column_text] [\/vc_column_text][\/vc_column][vc_column][\/vc_column][\/vc_row][vc_row][vc_column width=&#8221;1\/1&#8243;][\/vc_column][\/vc_row][vc_row][vc_column width=&#8221;1\/1&#8243;][\/vc_column][\/vc_row][vc_row][vc_column width=&#8221;1\/3&#8243;][\/vc_column][vc_column width=&#8221;1\/3&#8243;][vc_column_text]Initially created in 1998 by the town of Bourogne, the Espace multim\u00e9dia Gantner, as a service of the D\u00e9partement du Territoire de Belfort, is the contemporary art and new technologies satellite of the M\u00e9diath\u00e8que D\u00e9partementalede Pr\u00eat. It is certified Contemporary Art Center by the Ministry of Culture since&#8230;<br><span class=\"morePlus\">+<\/span>","protected":false},"author":5,"featured_media":0,"parent":0,"menu_order":0,"comment_status":"closed","ping_status":"closed","template":"home.php","meta":{"footnotes":""},"class_list":["post-1752","page","type-page","status-publish","hentry"],"_links":{"self":[{"href":"https:\/\/www.espacemultimediagantner.cg90.net\/en\/wp-json\/wp\/v2\/pages\/1752","targetHints":{"allow":["GET"]}}],"collection":[{"href":"https:\/\/www.espacemultimediagantner.cg90.net\/en\/wp-json\/wp\/v2\/pages"}],"about":[{"href":"https:\/\/www.espacemultimediagantner.cg90.net\/en\/wp-json\/wp\/v2\/types\/page"}],"author":[{"embeddable":true,"href":"https:\/\/www.espacemultimediagantner.cg90.net\/en\/wp-json\/wp\/v2\/users\/5"}],"replies":[{"embeddable":true,"href":"https:\/\/www.espacemultimediagantner.cg90.net\/en\/wp-json\/wp\/v2\/comments?post=1752"}],"version-history":[{"count":22,"href":"https:\/\/www.espacemultimediagantner.cg90.net\/en\/wp-json\/wp\/v2\/pages\/1752\/revisions"}],"predecessor-version":[{"id":6716,"href":"https:\/\/www.espacemultimediagantner.cg90.net\/en\/wp-json\/wp\/v2\/pages\/1752\/revisions\/6716"}],"wp:attachment":[{"href":"https:\/\/www.espacemultimediagantner.cg90.net\/en\/wp-json\/wp\/v2\/media?parent=1752"}],"curies":[{"name":"wp","href":"https:\/\/api.w.org\/{rel}","templated":true}]}}