{"id":1741,"date":"2015-09-03T15:22:40","date_gmt":"2015-09-03T14:22:40","guid":{"rendered":"https:\/\/www.espacemultimediagantner.cg90.net\/?page_id=1741"},"modified":"2016-05-11T14:51:01","modified_gmt":"2016-05-11T13:51:01","slug":"on-line-services","status":"publish","type":"page","link":"https:\/\/www.espacemultimediagantner.cg90.net\/en\/on-line-services\/","title":{"rendered":"On-line services"},"content":{"rendered":"<p>[vc_row][vc_column width=&#8221;1\/2&#8243; el_class=&#8221;imageCouleur&#8221;]<div class=\"single_image wpb_content_element align-left \" data-animation=\"\" data-delay=\"0\"><a href=\"http:\/\/www.lasourisquiraconte.com\" target=\"_blank\"><img decoding=\"async\" src=\"https:\/\/www.espacemultimediagantner.cg90.net\/wp-content\/uploads\/2015\/09\/la-sourie-qui-raconte2.jpg\" alt=\"\" \/><\/a><span class=\"single_image-caption\">La sourie qui raconte<\/span><\/div><h2 class=\"headline font-inherit fontsize-l fontweight-400 lh-inherit align-center transform-inherit \" style=\"margin: 20px 0 20px 0;\">La souris qui raconte<\/h2>[vc_column_text]Des collections d&#8217;histoires \u00e0 cliquer pour les 5 \u00e0 10 ans.<\/p>\n<p>En plus de l&#8217;acc\u00e8s \u00e0 distance, vous pouvez d\u00e9couvrir cette m\u00eame ressource dans les m\u00e9diath\u00e8ques qui disposent d&#8217;une tablette en consultation sur place : Delle, Bourogne (Espace multim\u00e9dia Gantner), Beaucourt, Essert, Danjoutin, Bavilliers, les m\u00e9diath\u00e8ques de la communaut\u00e9 de commune du Pays-sous-Vosgien (Rougemont et Etueffont) et \u00e0 Bessoncourt.<\/p>\n<p><strong><a href=\"http:\/\/www.lasourisquiraconte.com\/espaces\/index.php?token=d6057ee92482098c87b6fb9c1ae245cf\" target=\"_blank\">www.lasourisquiraconte.com<\/a><\/strong>[\/vc_column_text][\/vc_column][vc_column width=&#8221;1\/2&#8243; el_class=&#8221;imageCouleur&#8221;]<div class=\"single_image wpb_content_element align-left \" data-animation=\"\" data-delay=\"0\"><a href=\"http:\/\/www.espacemultimediagantner.cg90.net\/lekiosk\" target=\"_blank\"><img decoding=\"async\" src=\"https:\/\/www.espacemultimediagantner.cg90.net\/wp-content\/uploads\/2015\/09\/kiosk2.jpg\" alt=\"\" \/><\/a><span class=\"single_image-caption\">cafeyn<\/span><\/div><h2 class=\"headline font-inherit fontsize-l fontweight-400 lh-inherit align-center transform-inherit \" style=\"margin: 20px 0 20px 0;\">Le kiosk<\/h2>[vc_column_text]Pour consulter de nombreux magazines en ligne (actualit\u00e9, cuisine, loisirs, internationaux, sport, nouvelles technologies\u2026)<br \/>\n<strong>Pour s\u2019inscrire<\/strong>, contactez votre biblioth\u00e8que pour obtenir un identifiant et un mot de passe.<\/p>\n<p><strong><a href=\"http:\/\/www.espacemultimediagantner.cg90.net\/lekiosk\" target=\"_blank\">www.lekiosk.com<\/a><\/strong><\/p>\n<p>[\/vc_column_text][\/vc_column][\/vc_row][vc_row][vc_column width=&#8221;1\/2&#8243; el_class=&#8221;imageCouleur&#8221;]<div class=\"single_image wpb_content_element align-left \" data-animation=\"\" data-delay=\"0\"><a href=\"http:\/\/www.mediatheque-numerique.com\/\" target=\"_blank\"><img decoding=\"async\" src=\"https:\/\/www.espacemultimediagantner.cg90.net\/wp-content\/uploads\/2015\/09\/mediathequeNum2.jpg\" alt=\"\" \/><\/a><span class=\"single_image-caption\">La m\u00e9diath\u00e8que num\u00e9rique<\/span><\/div><h2 class=\"headline font-inherit fontsize-l fontweight-400 lh-inherit align-center transform-inherit \" style=\"margin: 20px 0 20px 0;\">La m\u00e9diath\u00e8que num\u00e9rique<\/h2>[vc_column_text]Ce service met \u00e0 disposition de nombreux films, class\u00e9s par cat\u00e9gories sous 4 grands th\u00e8mes \u00ab\u00a0documentaire, jeunesse, spectacles et cin\u00e9ma\u00a0\u00bb.\u00a0Un catalogue et un moteur de recherche permettent d\u2019affiner la recherche par titre, r\u00e9alisateur, genre, acteur, ann\u00e9e\u2026<br \/>\n<strong>Pour s\u2019inscrire\u00a0:<\/strong>\u00a0remplir le formulaire en ligne en indiquant le nom de la biblioth\u00e8que dans laquelle vous \u00eates abonn\u00e9. Celle-ci validera votre inscription et vous acc\u00e9derez ensuite au service en ligne.<\/p>\n<p><strong><a href=\"http:\/\/www.mediatheque-numerique.com\/\" target=\"_blank\">www.mediatheque-numerique.com<\/a><\/strong><\/p>\n<p>[\/vc_column_text][\/vc_column][vc_column width=&#8221;1\/2&#8243; el_class=&#8221;imageCouleur&#8221;]<div class=\"single_image wpb_content_element align-left \" data-animation=\"\" data-delay=\"0\"><a href=\"http:\/\/biblio.toutapprendre.com\/inscrire\/?e=128\" target=\"_blank\"><img decoding=\"async\" src=\"https:\/\/www.espacemultimediagantner.cg90.net\/wp-content\/uploads\/2015\/09\/toutApprendre2.jpg\" alt=\"\" \/><\/a><span class=\"single_image-caption\">visuel tout apprendre<\/span><\/div><h2 class=\"headline font-inherit fontsize-l fontweight-400 lh-inherit align-center transform-inherit \" style=\"margin: 20px 0 20px 0;\">Tout apprendre<\/h2>[vc_column_text]Sur ce portail en ligne vous trouverez des cours, des tests de langues, des modules de soutien scolaire du CP \u00e0 la terminale, des cours de musique mais aussi de psychologie, gestion du stress, code de la route, de management, de pr\u00e9paration \u00e0 un entretien\u2026.<br \/>\n<strong>Pour s\u2019inscrire\u00a0:<\/strong>\u00a0remplir le formulaire en ligne en indiquant le nom de la biblioth\u00e8que dans laquelle vous \u00eates abonn\u00e9. Celle-ci validera votre inscription et vous acc\u00e9derez ensuite au service en ligne.<\/p>\n<p><b><a href=\"http:\/\/biblio.toutapprendre.com\/inscrire\/?e=128\" target=\"_blank\">www.toutapprendre.com<\/a><\/b><\/p>\n<p>[\/vc_column_text][\/vc_column][\/vc_row]<\/p>\n","protected":false},"excerpt":{"rendered":"[vc_row][vc_column width=&#8221;1\/2&#8243; el_class=&#8221;imageCouleur&#8221;][vc_column_text]Des collections d&#8217;histoires \u00e0 cliquer pour les 5 \u00e0 10 ans. En plus de l&#8217;acc\u00e8s \u00e0 distance, vous pouvez d\u00e9couvrir cette m\u00eame ressource dans les m\u00e9diath\u00e8ques qui disposent d&#8217;une tablette en consultation sur place : Delle, Bourogne (Espace multim\u00e9dia Gantner), Beaucourt, Essert, Danjoutin, Bavilliers, les m\u00e9diath\u00e8ques de la communaut\u00e9 de commune du Pays-sous-Vosgien&#8230;<br><span class=\"morePlus\">+<\/span>","protected":false},"author":6,"featured_media":0,"parent":0,"menu_order":0,"comment_status":"closed","ping_status":"closed","template":"page-brique.php","meta":{"footnotes":""},"class_list":["post-1741","page","type-page","status-publish","hentry"],"_links":{"self":[{"href":"https:\/\/www.espacemultimediagantner.cg90.net\/en\/wp-json\/wp\/v2\/pages\/1741","targetHints":{"allow":["GET"]}}],"collection":[{"href":"https:\/\/www.espacemultimediagantner.cg90.net\/en\/wp-json\/wp\/v2\/pages"}],"about":[{"href":"https:\/\/www.espacemultimediagantner.cg90.net\/en\/wp-json\/wp\/v2\/types\/page"}],"author":[{"embeddable":true,"href":"https:\/\/www.espacemultimediagantner.cg90.net\/en\/wp-json\/wp\/v2\/users\/6"}],"replies":[{"embeddable":true,"href":"https:\/\/www.espacemultimediagantner.cg90.net\/en\/wp-json\/wp\/v2\/comments?post=1741"}],"version-history":[{"count":2,"href":"https:\/\/www.espacemultimediagantner.cg90.net\/en\/wp-json\/wp\/v2\/pages\/1741\/revisions"}],"predecessor-version":[{"id":1809,"href":"https:\/\/www.espacemultimediagantner.cg90.net\/en\/wp-json\/wp\/v2\/pages\/1741\/revisions\/1809"}],"wp:attachment":[{"href":"https:\/\/www.espacemultimediagantner.cg90.net\/en\/wp-json\/wp\/v2\/media?parent=1741"}],"curies":[{"name":"wp","href":"https:\/\/api.w.org\/{rel}","templated":true}]}}