{"id":1717,"date":"2015-07-18T17:24:38","date_gmt":"2015-07-18T16:24:38","guid":{"rendered":"https:\/\/www.espacemultimediagantner.cg90.net\/?page_id=1717"},"modified":"2020-07-15T14:09:48","modified_gmt":"2020-07-15T13:09:48","slug":"the-collection","status":"publish","type":"page","link":"https:\/\/www.espacemultimediagantner.cg90.net\/en\/the-collection\/","title":{"rendered":"The Collection"},"content":{"rendered":"<p>[vc_row][vc_column width=&#8221;1\/1&#8243;][vc_column_text][\/vc_column_text][vc_accordion active_tab=&#8221;false&#8221;][vc_accordion_tab title=&#8221;What is Digital Art ?&#8221;][vc_column_text]<span id=\"ouHighlight__15_22TO17_21\" class=\"\">The Espace multimedia gantner<\/span><span id=\"noHighlight_0.7665467918145648\">\u00a0<\/span><span id=\"ouHighlight__43_45TO42_45\">puts<\/span><span id=\"noHighlight_0.6027347375899386\"> <\/span><span id=\"ouHighlight__47_47TO47_48\">at<\/span><span id=\"noHighlight_0.050009571050649404\"> <\/span><span id=\"ouHighlight__49_59TO50_57\">disposal<\/span><span id=\"noHighlight_0.8633999992522725\">\u00a0to<\/span><span id=\"noHighlight_0.10756383819531279\">\u00a0<\/span><span id=\"ouHighlight__64_66TO62_64\">its<\/span><span id=\"noHighlight_0.36567252085801116\"> <\/span><span id=\"ouHighlight__68_73TO66_73\">audience<\/span><span id=\"noHighlight_0.11096011126360605\">,<\/span><span id=\"noHighlight_0.3052279047640134\"> <\/span><span id=\"ouHighlight__76_77TO76_76\">a<\/span><span id=\"noHighlight_0.8321866120767878\"> <\/span><span id=\"ouHighlight__79_83TO78_82\">guide<\/span><span id=\"noHighlight_0.763115925390762\"> <\/span><span id=\"ouHighlight__85_88TO84_85\">to<\/span><span id=\"noHighlight_0.16712236667740155\"> <\/span><span id=\"ouHighlight__90_94TO87_92\" class=\"\">better<\/span><span id=\"noHighlight_0.5309339510330782\"> <\/span><span id=\"ouHighlight__96_105TO94_103\" class=\"\">understand<\/span><span id=\"noHighlight_0.4011835308502105\"> <\/span><span id=\"ouHighlight__107_111TO105_107\" class=\"\">the<\/span><span id=\"noHighlight_0.9094547115754004\"> <\/span><span id=\"ouHighlight__113_121TO109_115\" class=\"\">digital<\/span><span id=\"noHighlight_0.11117015275038278\"> <\/span><span id=\"ouHighlight__107_111TO117_119\" class=\"\">art<\/span><span id=\"noHighlight_0.13212065233483616\">.\u00a0<\/span><span id=\"ouHighlight__0_3TO0_1\" class=\"\">To<\/span><span id=\"noHighlight_0.08301034278721842\"> <\/span><span id=\"ouHighlight__5_13TO3_6\" class=\"\">view<\/span><span id=\"noHighlight_0.6090933530729894\"> <\/span><span id=\"ouHighlight__15_16TO8_9\" class=\"\">or<\/span><span id=\"noHighlight_0.31287561805478115\"> <\/span><span id=\"ouHighlight__18_28TO11_18\" class=\"\">download<\/span><span id=\"noHighlight_0.07953592939293741\"> <\/span><span id=\"ouHighlight__30_31TO20_23\" class=\"\">this<\/span><span id=\"noHighlight_0.09992044287457524\"> <\/span><span id=\"ouHighlight__33_39TO25_28\" class=\"\">file<\/span>,\u00a0<a href=\"http:\/\/www.espacemultimediagantner.cg90.net\/wp-content\/uploads\/2015\/07\/LIVRET_ARTNU.pdf\">Click Here.<\/a>\u00a0(Only in french)[\/vc_column_text][\/vc_accordion_tab][vc_accordion_tab title=&#8221;Conservation, restauration&#8221;][vc_column_text]As digital media are unstable by nature, the Espace multimedia gantner\u00a0worked on how to conserve and restore digital artworks by participating in the Interreg project led by the ZKM (Karlsruhe &#8211; Germany) entitled \u201cDigital art in the collections of the Upper Rhine Region. Conservation, Restoration, Sustainability\u201d, otherwise known as the Digital Art Conservation project.<br \/>\nThe first phase of the Digital Art Conservation project was devoted to developing documentation and making an inventory of digital art collections in the Upper Rhine Region. Backed by the partners\u2019 long experience in the field of preserving and showcasing digital art, the second phase focused on contributing to the international debate on the new theme of conservation.<br \/>\nThe project ran from January 2010 to December 2012 and was co-funded by the European programme Interreg IV Upper Rhine Region.<br \/>\nTo find out more:\u00a0<a href=\"http:\/\/www.digitalartconservation.org\/\">http:\/\/www.digitalartconservation.org\/<\/a>[\/vc_column_text][\/vc_accordion_tab][vc_accordion_tab title=&#8221;Discovering the collection&#8221;][vc_column_text]To highlight the collection and arouse public awareness of contemporary art, multimedia and digital culture, activities are organised at the Espace multimedia gantner\u00a0or elsewhere on request (schools, clubs etc.).<br \/>\nWorks from the collection can also be lent out for an exhibition or event.<br \/>\nContact: sophie.monesi@territoiredebelfort.fr[\/vc_column_text][\/vc_accordion_tab][vc_accordion_tab title=&#8221;Works have been lent out to the following sites&#8221;][vc_column_text]The Centre Pompidou in Paris, The Science Gallery in Dublin,\u00a0Museums in Belfort, Visages du Monde in Cergy, La Grosse Entreprise in Besan\u00e7on, the Canop\u00e9 workshops in Franche-Comt\u00e9, the Entrevues Festival in Belfort, the Orl\u00e9ano\u00efdes Festival in Orl\u00e9ans, the Acces(s) Festival in Bill\u00e8re, L\u2019Usine in Belfort,\u00a0 The National Stage in Belfort \u2013 Le Granit, the Technical University in Belfort-Montbeliard, Etueffont Media Library, the National Choreography Centre in Franche Comt\u00e9, the University Library of Belfort, art colleges, middle schools and high schools in the region and surrounding area.[\/vc_column_text][\/vc_accordion_tab][\/vc_accordion][\/vc_column][\/vc_row]<\/p>\n","protected":false},"excerpt":{"rendered":"[vc_row][vc_column width=&#8221;1\/1&#8243;][vc_column_text][\/vc_column_text][vc_accordion active_tab=&#8221;false&#8221;][vc_accordion_tab title=&#8221;What is Digital Art ?&#8221;][vc_column_text]The Espace multimedia gantner\u00a0puts at disposal\u00a0to\u00a0its audience, a guide to better understand the digital art.\u00a0To view or download this file,\u00a0Click Here.\u00a0(Only in french)[\/vc_column_text][\/vc_accordion_tab][vc_accordion_tab title=&#8221;Conservation, restauration&#8221;][vc_column_text]As digital media are unstable by nature, the Espace multimedia gantner\u00a0worked on how to conserve and restore digital artworks by participating in the Interreg&#8230;<br><span class=\"morePlus\">+<\/span>","protected":false},"author":6,"featured_media":0,"parent":0,"menu_order":0,"comment_status":"closed","ping_status":"closed","template":"collection.php","meta":{"footnotes":""},"class_list":["post-1717","page","type-page","status-publish","hentry"],"_links":{"self":[{"href":"https:\/\/www.espacemultimediagantner.cg90.net\/en\/wp-json\/wp\/v2\/pages\/1717","targetHints":{"allow":["GET"]}}],"collection":[{"href":"https:\/\/www.espacemultimediagantner.cg90.net\/en\/wp-json\/wp\/v2\/pages"}],"about":[{"href":"https:\/\/www.espacemultimediagantner.cg90.net\/en\/wp-json\/wp\/v2\/types\/page"}],"author":[{"embeddable":true,"href":"https:\/\/www.espacemultimediagantner.cg90.net\/en\/wp-json\/wp\/v2\/users\/6"}],"replies":[{"embeddable":true,"href":"https:\/\/www.espacemultimediagantner.cg90.net\/en\/wp-json\/wp\/v2\/comments?post=1717"}],"version-history":[{"count":5,"href":"https:\/\/www.espacemultimediagantner.cg90.net\/en\/wp-json\/wp\/v2\/pages\/1717\/revisions"}],"predecessor-version":[{"id":1772,"href":"https:\/\/www.espacemultimediagantner.cg90.net\/en\/wp-json\/wp\/v2\/pages\/1717\/revisions\/1772"}],"wp:attachment":[{"href":"https:\/\/www.espacemultimediagantner.cg90.net\/en\/wp-json\/wp\/v2\/media?parent=1717"}],"curies":[{"name":"wp","href":"https:\/\/api.w.org\/{rel}","templated":true}]}}